{"id":24902,"date":"2012-12-10T16:24:12","date_gmt":"2012-12-10T15:24:12","guid":{"rendered":"http:\/\/www.ansoain.es\/partaidetza-instituzioetan\/"},"modified":"2024-04-15T13:52:27","modified_gmt":"2024-04-15T11:52:27","slug":"partaidetza-instituzioetan","status":"publish","type":"page","link":"http:\/\/www.ansoain.es\/eu\/udala\/udal-antolaketa\/partaidetza-instituzioetan\/","title":{"rendered":"Partaidetza instituzioetan"},"content":{"rendered":"<div id=\"contenido\">\n<p><strong>ANTSOAINGO, BERRIOBEITIKO ETA BERRIOZARKO UDALETAKO OINARRIZKO GIZARTE ZERBITZUEN MANKOMUNITATEA<\/strong><\/p>\n<p>Ordezkariak: M\u00aa Elena Ugarte P\u00e1ez, Laura Molina Azanza, Laura Zorraquino Salvo, Miguel Angel Arbizu Marturet,\u00a0 Jos\u00e9 Javier Andueza eta Francisco Javier Vilchez L\u00f3pez.<strong><br \/>\n<\/strong><\/p>\n<p><strong>ETXEBIZITZAK BIRGAITZEKO BULEGOAREN KOORDINAZIO BATZORDEA<\/strong><\/p>\n<p>Ordezkaria: Marta Diez Napal<strong><br \/>\n<\/strong><\/p>\n<p><strong>IRU\u00d1ERRIKO MANKOMUNITATEA<\/strong><\/p>\n<p>Ordezkaria: Aritz Ayesa Blanco.<strong><br \/>\n<\/strong><\/p>\n<p><strong>NAFARROAKO UDAL ETA KONTZEJUEN FEDERAZIOA<\/strong><\/p>\n<p>Ordezkaria: Marta Diez Napal<\/p>\n<p>&nbsp;<\/p>\n<\/div>\n","protected":false},"excerpt":{"rendered":"<p>ANTSOAINGO, BERRIOBEITIKO ETA BERRIOZARKO UDALETAKO OINARRIZKO GIZARTE ZERBITZUEN MANKOMUNITATEA Ordezkariak: M\u00aa Elena Ugarte P\u00e1ez, Laura Molina Azanza, Laura Zorraquino Salvo, Miguel Angel Arbizu Marturet,\u00a0 Jos\u00e9 Javier Andueza eta Francisco Javier Vilchez L\u00f3pez. ETXEBIZITZAK BIRGAITZEKO BULEGOAREN KOORDINAZIO BATZORDEA Ordezkaria: Marta Diez Napal IRU\u00d1ERRIKO MANKOMUNITATEA Ordezkaria: Aritz Ayesa Blanco. NAFARROAKO UDAL ETA KONTZEJUEN FEDERAZIOA Ordezkaria: Marta Diez [&hellip;]<\/p>\n","protected":false},"author":1,"featured_media":0,"parent":24884,"menu_order":29,"comment_status":"closed","ping_status":"closed","template":"","meta":{"_exactmetrics_skip_tracking":false,"_exactmetrics_sitenote_active":false,"_exactmetrics_sitenote_note":"","_exactmetrics_sitenote_category":0,"footnotes":""},"class_list":["post-24902","page","type-page","status-publish","hentry"],"yoast_head":"<!-- This site is optimized with the Yoast SEO plugin v24.9 - https:\/\/yoast.com\/wordpress\/plugins\/seo\/ -->\r\n<title>Partaidetza instituzioetan - Antsoaingo Udala \/ Ayuntamiento de Anso\u00e1in<\/title>\r\n<meta name=\"robots\" content=\"index, follow, max-snippet:-1, max-image-preview:large, max-video-preview:-1\" \/>\r\n<link rel=\"canonical\" href=\"http:\/\/www.ansoain.es\/eu\/udala\/udal-antolaketa\/partaidetza-instituzioetan\/\" \/>\r\n<meta property=\"og:locale\" content=\"eu_ES\" \/>\r\n<meta property=\"og:type\" content=\"article\" \/>\r\n<meta property=\"og:title\" content=\"Partaidetza instituzioetan - Antsoaingo Udala \/ Ayuntamiento de Anso\u00e1in\" \/>\r\n<meta property=\"og:description\" content=\"ANTSOAINGO, BERRIOBEITIKO ETA BERRIOZARKO UDALETAKO OINARRIZKO GIZARTE ZERBITZUEN MANKOMUNITATEA Ordezkariak: M\u00aa Elena Ugarte P\u00e1ez, Laura Molina Azanza, Laura Zorraquino Salvo, Miguel Angel Arbizu Marturet,\u00a0 Jos\u00e9 Javier Andueza eta Francisco Javier Vilchez L\u00f3pez. ETXEBIZITZAK BIRGAITZEKO BULEGOAREN KOORDINAZIO BATZORDEA Ordezkaria: Marta Diez Napal IRU\u00d1ERRIKO MANKOMUNITATEA Ordezkaria: Aritz Ayesa Blanco. NAFARROAKO UDAL ETA KONTZEJUEN FEDERAZIOA Ordezkaria: Marta Diez [&hellip;]\" \/>\r\n<meta property=\"og:url\" content=\"http:\/\/www.ansoain.es\/eu\/udala\/udal-antolaketa\/partaidetza-instituzioetan\/\" \/>\r\n<meta property=\"og:site_name\" content=\"Antsoaingo Udala \/ Ayuntamiento de Anso\u00e1in\" \/>\r\n<meta property=\"article:modified_time\" content=\"2024-04-15T11:52:27+00:00\" \/>\r\n<meta name=\"twitter:card\" content=\"summary_large_image\" \/>\r\n<meta name=\"twitter:label1\" content=\"Est. reading time\" \/>\n\t<meta name=\"twitter:data1\" content=\"1 minute\" \/>\r\n<script type=\"application\/ld+json\" class=\"yoast-schema-graph\">{\"@context\":\"https:\/\/schema.org\",\"@graph\":[{\"@type\":\"WebPage\",\"@id\":\"http:\/\/www.ansoain.es\/eu\/udala\/udal-antolaketa\/partaidetza-instituzioetan\/\",\"url\":\"http:\/\/www.ansoain.es\/eu\/udala\/udal-antolaketa\/partaidetza-instituzioetan\/\",\"name\":\"Partaidetza instituzioetan - Antsoaingo Udala \/ Ayuntamiento de Anso\u00e1in\",\"isPartOf\":{\"@id\":\"http:\/\/www.ansoain.es\/eu\/#website\"},\"datePublished\":\"2012-12-10T15:24:12+00:00\",\"dateModified\":\"2024-04-15T11:52:27+00:00\",\"breadcrumb\":{\"@id\":\"http:\/\/www.ansoain.es\/eu\/udala\/udal-antolaketa\/partaidetza-instituzioetan\/#breadcrumb\"},\"inLanguage\":\"eu-ES\",\"potentialAction\":[{\"@type\":\"ReadAction\",\"target\":[\"http:\/\/www.ansoain.es\/eu\/udala\/udal-antolaketa\/partaidetza-instituzioetan\/\"]}]},{\"@type\":\"BreadcrumbList\",\"@id\":\"http:\/\/www.ansoain.es\/eu\/udala\/udal-antolaketa\/partaidetza-instituzioetan\/#breadcrumb\",\"itemListElement\":[{\"@type\":\"ListItem\",\"position\":1,\"name\":\"Portada\",\"item\":\"http:\/\/www.ansoain.es\/eu\/\"},{\"@type\":\"ListItem\",\"position\":2,\"name\":\"Udala\",\"item\":\"http:\/\/www.ansoain.es\/eu\/udala\/\"},{\"@type\":\"ListItem\",\"position\":3,\"name\":\"Udal antolaketa\",\"item\":\"http:\/\/www.ansoain.es\/eu\/udala\/udal-antolaketa\/\"},{\"@type\":\"ListItem\",\"position\":4,\"name\":\"Partaidetza instituzioetan\"}]},{\"@type\":\"WebSite\",\"@id\":\"http:\/\/www.ansoain.es\/eu\/#website\",\"url\":\"http:\/\/www.ansoain.es\/eu\/\",\"name\":\"Antsoaingo Udala \/ Ayuntamiento de Anso\u00e1in\",\"description\":\"Sitio web del Antsoaingo Udala \/ Ayuntamiento de Anso\u00e1in\",\"potentialAction\":[{\"@type\":\"SearchAction\",\"target\":{\"@type\":\"EntryPoint\",\"urlTemplate\":\"http:\/\/www.ansoain.es\/eu\/?s={search_term_string}\"},\"query-input\":{\"@type\":\"PropertyValueSpecification\",\"valueRequired\":true,\"valueName\":\"search_term_string\"}}],\"inLanguage\":\"eu-ES\"}]}<\/script>\r\n<!-- \/ Yoast SEO plugin. -->","yoast_head_json":{"title":"Partaidetza instituzioetan - Antsoaingo Udala \/ Ayuntamiento de Anso\u00e1in","robots":{"index":"index","follow":"follow","max-snippet":"max-snippet:-1","max-image-preview":"max-image-preview:large","max-video-preview":"max-video-preview:-1"},"canonical":"http:\/\/www.ansoain.es\/eu\/udala\/udal-antolaketa\/partaidetza-instituzioetan\/","og_locale":"eu_ES","og_type":"article","og_title":"Partaidetza instituzioetan - Antsoaingo Udala \/ Ayuntamiento de Anso\u00e1in","og_description":"ANTSOAINGO, BERRIOBEITIKO ETA BERRIOZARKO UDALETAKO OINARRIZKO GIZARTE ZERBITZUEN MANKOMUNITATEA Ordezkariak: M\u00aa Elena Ugarte P\u00e1ez, Laura Molina Azanza, Laura Zorraquino Salvo, Miguel Angel Arbizu Marturet,\u00a0 Jos\u00e9 Javier Andueza eta Francisco Javier Vilchez L\u00f3pez. ETXEBIZITZAK BIRGAITZEKO BULEGOAREN KOORDINAZIO BATZORDEA Ordezkaria: Marta Diez Napal IRU\u00d1ERRIKO MANKOMUNITATEA Ordezkaria: Aritz Ayesa Blanco. NAFARROAKO UDAL ETA KONTZEJUEN FEDERAZIOA Ordezkaria: Marta Diez [&hellip;]","og_url":"http:\/\/www.ansoain.es\/eu\/udala\/udal-antolaketa\/partaidetza-instituzioetan\/","og_site_name":"Antsoaingo Udala \/ Ayuntamiento de Anso\u00e1in","article_modified_time":"2024-04-15T11:52:27+00:00","twitter_card":"summary_large_image","twitter_misc":{"Est. reading time":"1 minute"},"schema":{"@context":"https:\/\/schema.org","@graph":[{"@type":"WebPage","@id":"http:\/\/www.ansoain.es\/eu\/udala\/udal-antolaketa\/partaidetza-instituzioetan\/","url":"http:\/\/www.ansoain.es\/eu\/udala\/udal-antolaketa\/partaidetza-instituzioetan\/","name":"Partaidetza instituzioetan - Antsoaingo Udala \/ Ayuntamiento de Anso\u00e1in","isPartOf":{"@id":"http:\/\/www.ansoain.es\/eu\/#website"},"datePublished":"2012-12-10T15:24:12+00:00","dateModified":"2024-04-15T11:52:27+00:00","breadcrumb":{"@id":"http:\/\/www.ansoain.es\/eu\/udala\/udal-antolaketa\/partaidetza-instituzioetan\/#breadcrumb"},"inLanguage":"eu-ES","potentialAction":[{"@type":"ReadAction","target":["http:\/\/www.ansoain.es\/eu\/udala\/udal-antolaketa\/partaidetza-instituzioetan\/"]}]},{"@type":"BreadcrumbList","@id":"http:\/\/www.ansoain.es\/eu\/udala\/udal-antolaketa\/partaidetza-instituzioetan\/#breadcrumb","itemListElement":[{"@type":"ListItem","position":1,"name":"Portada","item":"http:\/\/www.ansoain.es\/eu\/"},{"@type":"ListItem","position":2,"name":"Udala","item":"http:\/\/www.ansoain.es\/eu\/udala\/"},{"@type":"ListItem","position":3,"name":"Udal antolaketa","item":"http:\/\/www.ansoain.es\/eu\/udala\/udal-antolaketa\/"},{"@type":"ListItem","position":4,"name":"Partaidetza instituzioetan"}]},{"@type":"WebSite","@id":"http:\/\/www.ansoain.es\/eu\/#website","url":"http:\/\/www.ansoain.es\/eu\/","name":"Antsoaingo Udala \/ Ayuntamiento de Anso\u00e1in","description":"Sitio web del Antsoaingo Udala \/ Ayuntamiento de Anso\u00e1in","potentialAction":[{"@type":"SearchAction","target":{"@type":"EntryPoint","urlTemplate":"http:\/\/www.ansoain.es\/eu\/?s={search_term_string}"},"query-input":{"@type":"PropertyValueSpecification","valueRequired":true,"valueName":"search_term_string"}}],"inLanguage":"eu-ES"}]}},"_links":{"self":[{"href":"http:\/\/www.ansoain.es\/eu\/wp-json\/wp\/v2\/pages\/24902","targetHints":{"allow":["GET"]}}],"collection":[{"href":"http:\/\/www.ansoain.es\/eu\/wp-json\/wp\/v2\/pages"}],"about":[{"href":"http:\/\/www.ansoain.es\/eu\/wp-json\/wp\/v2\/types\/page"}],"author":[{"embeddable":true,"href":"http:\/\/www.ansoain.es\/eu\/wp-json\/wp\/v2\/users\/1"}],"replies":[{"embeddable":true,"href":"http:\/\/www.ansoain.es\/eu\/wp-json\/wp\/v2\/comments?post=24902"}],"version-history":[{"count":8,"href":"http:\/\/www.ansoain.es\/eu\/wp-json\/wp\/v2\/pages\/24902\/revisions"}],"predecessor-version":[{"id":39161,"href":"http:\/\/www.ansoain.es\/eu\/wp-json\/wp\/v2\/pages\/24902\/revisions\/39161"}],"up":[{"embeddable":true,"href":"http:\/\/www.ansoain.es\/eu\/wp-json\/wp\/v2\/pages\/24884"}],"wp:attachment":[{"href":"http:\/\/www.ansoain.es\/eu\/wp-json\/wp\/v2\/media?parent=24902"}],"curies":[{"name":"wp","href":"https:\/\/api.w.org\/{rel}","templated":true}]}}