{"id":24943,"date":"2012-12-10T16:27:28","date_gmt":"2012-12-10T15:27:28","guid":{"rendered":"http:\/\/www.ansoain.es\/gainontzeko-ordenantzak\/"},"modified":"2025-08-28T14:28:34","modified_gmt":"2025-08-28T12:28:34","slug":"gainontzeko-ordenantzak","status":"publish","type":"page","link":"http:\/\/www.ansoain.es\/eu\/udala\/gainontzeko-ordenantzak\/","title":{"rendered":"Gainontzeko ordenantzak"},"content":{"rendered":"<p><strong>HIRIGINTZA<\/strong><\/p>\n<ul>\n<li><a href=\"https:\/\/www.ansoain.es\/wp-content\/uploads\/2023\/09\/182.ALD-2023ko-abuztua.pdf\">Lursailen eta orubeen garbiketa eta orubeen hesitzea arautzen dituen ordenantza. 182.Ald. 2023ko abuztua (422 kb)<\/a><\/li>\n<li><a href=\"http:\/\/www.ansoain.es\/wp-content\/uploads\/2012\/12\/procedimiento-de-Ord.-eusk.-control-posterior-de-las-actividades-y-obras-iniciadas-por-comunicaci\u00f3n-previa-o-declaraci\u00f3n-responsable.pdf\">Udal ordenantza, Aurretiazko komunikazioaren edo erantzukizuneko aitorpenaren bidez hasitako jarduerak eta obrak ondoren kontrolatzeko prozedura arautzen duena.( 142 kb)<\/a><\/li>\n<li><a href=\"http:\/\/www.ansoain.es\/wp-content\/uploads\/2021\/08\/ORDENANZA-No-23.pdf\">Ordenanza reguladora de la instalaci\u00f3n de terrazas y otros elementos asociados a la hosteler\u00eda y al comercio en la v\u00eda p\u00fablica ORDENANZA-No-23 modificada<\/a><\/li>\n<li><a href=\"http:\/\/www.ansoain.es\/wp-content\/uploads\/2024\/06\/Ord-rehabilitacion-eusk.pdf\">Eraikinak birgaitzeko laguntzak arautzen dituen ordenantza (132 kb)<\/a><\/li>\n<li><a href=\"https:\/\/www.ansoain.es\/wp-content\/uploads\/2023\/08\/Aldaketa-bide-publikoari-buruzko-ordenantzan.-114.-Ald.-2023ko-ekainaren-1a.pdf\">Aldaketa bide publikoari buruzko ordenantzan. 114. Ald. 2023ko ekainaren 1a (132 kb)<\/a><\/li>\n<li><a href=\"http:\/\/www.ansoain.es\/wp-content\/uploads\/2014\/05\/ord-ocio-def-eusk.pdf\">UDAL ORDENANTZA, ANTSOAINGO UDAL MUGAPEKO AISIALDIKO BILTOKI IRAUNKOR ZEIN ALDI BATERAKOAK ARAUTZEN DITUENA (111 kb)<\/a><\/li>\n<li><a href=\"http:\/\/www.ansoain.es\/wp-content\/uploads\/2020\/02\/Ordenanza-casa-de-apuestas.pdf\">Antsoaingo udalerrian joko eta apustuetarako aretoak ezartzea arautzen duen ordenantza (16 Kb)<\/a><\/li>\n<\/ul>\n<p>&nbsp;<\/p>\n<p><strong>GIZA BALIABIDEAK<br \/>\n<\/strong><\/p>\n<ul>\n<li><a href=\"https:\/\/www.ansoain.es\/wp-content\/uploads\/2023\/08\/Kontratazio-zerrendak-kudeatzeko-araudiaren-onespena.pdf\">Kontratazio-zerrendak kudeatzeko araudiaren onespena (89 kb)<\/a><\/li>\n<\/ul>\n<p><strong>TRAFIKOA<br \/>\n<\/strong><\/p>\n<ul>\n<li><a href=\"https:\/\/www.ansoain.es\/wp-content\/uploads\/2023\/10\/trafikoa.pdf\">Antsoaingo udalean mugikortasuna eta trafikoa arautzen dituen udal ordenantza(393kb)<\/a><\/li>\n<\/ul>\n<p><strong>EUSKARA<\/strong><\/p>\n<ul>\n<li><a title=\"ANTSOAINGO UDALERRIAN EUSKARAREN ERABILPENA ETA SUSTAPENA ARAUTZEN DITUEN ORDENANTZA (Tamaina 24 Kb)\" href=\"\/wp-content\/uploads\/2012\/12\/Euskararen_Ordenantza.pdf\" target=\"_blank\" rel=\"noopener\">ANTSOAINGO UDALERRIAN EUSKARAREN ERABILPENA ETA SUSTAPENA ARAUTZEN DITUEN ORDENANTZA (Tamaina 24 Kb)<\/a>\n<ul>\n<li><a href=\"http:\/\/www.ansoain.es\/wp-content\/uploads\/2012\/12\/Modificacion-art_24-pdf-eusk.pdf\">24. artikuluaren aldaketa (NAO 2004-09-20) (24 kb)<\/a><\/li>\n<li><a title=\"I. Eranskina (NAO 2009-08-14koa) ( 43kb) \" href=\"\/wp-content\/uploads\/2012\/12\/aprob_def_ord_eusk_modif_eusk.pdf\" target=\"_blank\" rel=\"noopener\">I. Eranskina . Aldaketa (NAO 2009-08-14koa) ( 43 kb)\u00a0<\/a><\/li>\n<li><a href=\"http:\/\/www.ansoain.es\/wp-content\/uploads\/2012\/12\/mod.anexo-1-ord.-eusk_eusk.pdf\">Aldaketa Euskararen erabilera eta sustapena arautzen dituen ordenantzan I. eranskinari dagokionez ( NAO 2013-07-23) (30kb)<\/a><\/li>\n<li><a href=\"http:\/\/www.ansoain.es\/wp-content\/uploads\/2012\/12\/anexo-II_bon-111_12_06_13-eusk.pdf\">II. Eranskina. Aldaketa (NAO 2013-06-12koa) (33 kb)<\/a><\/li>\n<li><a href=\"http:\/\/www.ansoain.es\/wp-content\/uploads\/2012\/12\/mod-def-ord-euskera-2014-_-eusk.pdf\">II. Eranskina. Aldaketa (NAO 65 2014-04-03) (34 kb)<\/a><\/li>\n<\/ul>\n<\/li>\n<\/ul>\n<p><strong>BERDINTASUNA<\/strong><\/p>\n<ul>\n<li><a href=\"https:\/\/www.navarra.es\/home_eu\/Actualidad\/BON\/Boletines\/2019\/134\/Anuncio-6\/\">Gizonen eta emakumeen arteko berdintasunerako ordenantza<\/a><\/li>\n<\/ul>\n<p><strong>KULTURA, GAZTERIA ETA PARTAIDETZA<\/strong><\/p>\n<ul>\n<li><a title=\"UDAL ORDENANTZA, ANTSOAINGO GAZTERIAREN ETXEA ARAUTZEN DUENA. (Tamaina 51 Kb)\" href=\"\/wp-content\/uploads\/2012\/12\/ORDENANZA-SUBVENCIONES-APROB.DEFINIT-EUSKERA.pdf\" target=\"_blank\" rel=\"noopener\">UDAL ORDENANTZA, ANTSOAINGO GAZTERIAREN ETXEA ARAUTZEN DUENA. (Tamaina 51 Kb)<\/a><\/li>\n<li><a title=\"Antsoainen Herritarren Partaidetza arautzen duen udal ordenantza. Behin betiko onespena (Tamaina 538 Kb)\" href=\"\/wp-content\/uploads\/2012\/12\/bon_23_04_08_eu.pdf\" target=\"_blank\" rel=\"noopener\">Antsoainen Herritarren Partaidetza arautzen duen udal ordenantza. Behin betiko onespena (Tamaina 538 Kb)<\/a><\/li>\n<li><a href=\"http:\/\/www.ansoain.es\/wp-content\/uploads\/2012\/12\/Udaleko-Kirol-Zerbitzuaren-antolamenduari-eta-funtzionamenduari-buruzko-erregelamendua.-Behin-betiko-onespena.pdf\">Udaleko Kirol Zerbitzuaren antolamenduari eta funtzionamenduari buruzko erregelamendua. Behin betiko onespena (Tamaina 27,0 Kb)<\/a><\/li>\n<li><a href=\"http:\/\/www.ansoain.es\/wp-content\/uploads\/2012\/12\/Ordenantza-Udalaren-lokalen-erabilera-herritarren-elkarteei-lagatzeko-arauak-ematen-dituena.-Behin-betiko-onespena.pdf\">Ordenantza, Udalaren lokalen erabilera herritarren elkarteei lagatzeko arauak ematen dituena. Behin betiko onespena (Tamaina 47,2 kb\u00a0\u00a0<\/a><a href=\"http:\/\/www.ansoain.es\/wp-content\/uploads\/2012\/12\/Solicitud-uso.pdf\">Eskaera (27 kb)<\/a>\u00a0\u00a0\u00a0\u00a0\u00a0\u00a0\u00a0\u00a0\u00a0\u00a0\u00a0 <a href=\"http:\/\/www.ansoain.es\/wp-content\/uploads\/2012\/12\/renovaci\u00f3n-uso.pdf\">Luzatzeko eskaera (27 kb)<\/a><\/li>\n<\/ul>\n<p><strong>BESTE BATZUK<\/strong><\/p>\n<ul>\n<li><a title=\"HILETA ZIBILAK eta HARRERA ZIBILAK EGITEKO PROZEDURAREN ERREGLAMENDUA. (Tamaina 54 Kb)\" href=\"\/wp-content\/uploads\/2012\/12\/2010_reglamento-despedidas-civiles_eusk.pdf\" target=\"_blank\" rel=\"noopener\">HILETA ZIBILAK eta HARRERA ZIBILAK EGITEKO PROZEDURAREN ERREGLAMENDUA. (Tamaina 54 Kb)<\/a><\/li>\n<li><a href=\"https:\/\/bon.navarra.es\/eu\/iragarkia\/-\/texto\/2021\/66\/3\">Udal ordenantza, Administrazio elektronikoa arautzen duena<\/a><\/li>\n<li><a href=\"http:\/\/www.ansoain.es\/wp-content\/uploads\/2012\/12\/Merkataritzako-Mahaiaren-funtzionamenduaren-erregelamendua-Behin-betiko-onespena.pdf\">Merkataritzako Mahaiaren funtzionamenduaren erregelamendua Behin betiko onespena (Tamaina 28,2 kb)<\/a><\/li>\n<\/ul>\n<ul>\n<li><a href=\"http:\/\/www.ansoain.es\/wp-content\/uploads\/2016\/05\/BILING\u00dcE-PROTOCOLO-LOCAL-ACTUACI\u00d3N-FRENTE-A-DESAHUCIOS-ANSOAIN.pdf\">Antsoaingo udalaren ekintza protokoloa etxegabetzeetako (77 kb)<\/a><\/li>\n<li><a title=\"Dirulaguntza arautzen dituen ordenantza orokorra. Behin betiko onespena (Tamaina 42 Kb)\" href=\"\/wp-content\/uploads\/2012\/12\/ORDENANZA-SUBVENCIONES-APROB.DEFINIT-EUSKERA1.pdf\" target=\"_blank\" rel=\"noopener\">Dirulaguntza arautzen dituen ordenantza orokorra. Behin betiko onespena (Tamaina 42 Kb)<\/a><\/li>\n<li><a href=\"http:\/\/www.ansoain.es\/wp-content\/uploads\/2025\/03\/65-urtetik-gorakoendako-eta_edo-desgaitasunen-bat-dutenendako-jantokiko-zerbitzua-emateko-prezio-publikoaren-araudia.pdf\">65 urtetik gorakoendako eta_edo desgaitasunen bat dutenendako jantokiko zerbitzua emateko prezio publikoaren araudia (78kb)<\/a><\/li>\n<\/ul>\n","protected":false},"excerpt":{"rendered":"<p>HIRIGINTZA Lursailen eta orubeen garbiketa eta orubeen hesitzea arautzen dituen ordenantza. 182.Ald. 2023ko abuztua (422 kb) Udal ordenantza, Aurretiazko komunikazioaren edo erantzukizuneko aitorpenaren bidez hasitako jarduerak eta obrak ondoren kontrolatzeko prozedura arautzen duena.( 142 kb) Ordenanza reguladora de la instalaci\u00f3n de terrazas y otros elementos asociados a la hosteler\u00eda y al comercio en la v\u00eda [&hellip;]<\/p>\n","protected":false},"author":1,"featured_media":0,"parent":24842,"menu_order":125,"comment_status":"closed","ping_status":"closed","template":"","meta":{"_exactmetrics_skip_tracking":false,"_exactmetrics_sitenote_active":false,"_exactmetrics_sitenote_note":"","_exactmetrics_sitenote_category":0,"footnotes":""},"class_list":["post-24943","page","type-page","status-publish","hentry"],"yoast_head":"<!-- This site is optimized with the Yoast SEO plugin v24.9 - https:\/\/yoast.com\/wordpress\/plugins\/seo\/ -->\r\n<title>Gainontzeko ordenantzak - Antsoaingo Udala \/ Ayuntamiento de Anso\u00e1in<\/title>\r\n<meta name=\"robots\" content=\"index, follow, max-snippet:-1, max-image-preview:large, max-video-preview:-1\" \/>\r\n<link rel=\"canonical\" href=\"https:\/\/www.ansoain.es\/eu\/udala\/gainontzeko-ordenantzak\/\" \/>\r\n<meta property=\"og:locale\" content=\"eu_ES\" \/>\r\n<meta property=\"og:type\" content=\"article\" \/>\r\n<meta property=\"og:title\" content=\"Gainontzeko ordenantzak - Antsoaingo Udala \/ Ayuntamiento de Anso\u00e1in\" \/>\r\n<meta property=\"og:description\" content=\"HIRIGINTZA Lursailen eta orubeen garbiketa eta orubeen hesitzea arautzen dituen ordenantza. 182.Ald. 2023ko abuztua (422 kb) Udal ordenantza, Aurretiazko komunikazioaren edo erantzukizuneko aitorpenaren bidez hasitako jarduerak eta obrak ondoren kontrolatzeko prozedura arautzen duena.( 142 kb) Ordenanza reguladora de la instalaci\u00f3n de terrazas y otros elementos asociados a la hosteler\u00eda y al comercio en la v\u00eda [&hellip;]\" \/>\r\n<meta property=\"og:url\" content=\"https:\/\/www.ansoain.es\/eu\/udala\/gainontzeko-ordenantzak\/\" \/>\r\n<meta property=\"og:site_name\" content=\"Antsoaingo Udala \/ Ayuntamiento de Anso\u00e1in\" \/>\r\n<meta property=\"article:modified_time\" content=\"2025-08-28T12:28:34+00:00\" \/>\r\n<meta name=\"twitter:card\" content=\"summary_large_image\" \/>\r\n<meta name=\"twitter:label1\" content=\"Est. reading time\" \/>\n\t<meta name=\"twitter:data1\" content=\"2 minutes\" \/>\r\n<script type=\"application\/ld+json\" class=\"yoast-schema-graph\">{\"@context\":\"https:\/\/schema.org\",\"@graph\":[{\"@type\":\"WebPage\",\"@id\":\"https:\/\/www.ansoain.es\/eu\/udala\/gainontzeko-ordenantzak\/\",\"url\":\"https:\/\/www.ansoain.es\/eu\/udala\/gainontzeko-ordenantzak\/\",\"name\":\"Gainontzeko ordenantzak - Antsoaingo Udala \/ Ayuntamiento de Anso\u00e1in\",\"isPartOf\":{\"@id\":\"https:\/\/www.ansoain.es\/eu\/#website\"},\"datePublished\":\"2012-12-10T15:27:28+00:00\",\"dateModified\":\"2025-08-28T12:28:34+00:00\",\"breadcrumb\":{\"@id\":\"https:\/\/www.ansoain.es\/eu\/udala\/gainontzeko-ordenantzak\/#breadcrumb\"},\"inLanguage\":\"eu-ES\",\"potentialAction\":[{\"@type\":\"ReadAction\",\"target\":[\"https:\/\/www.ansoain.es\/eu\/udala\/gainontzeko-ordenantzak\/\"]}]},{\"@type\":\"BreadcrumbList\",\"@id\":\"https:\/\/www.ansoain.es\/eu\/udala\/gainontzeko-ordenantzak\/#breadcrumb\",\"itemListElement\":[{\"@type\":\"ListItem\",\"position\":1,\"name\":\"Portada\",\"item\":\"https:\/\/www.ansoain.es\/eu\/\"},{\"@type\":\"ListItem\",\"position\":2,\"name\":\"Udala\",\"item\":\"https:\/\/www.ansoain.es\/eu\/udala\/\"},{\"@type\":\"ListItem\",\"position\":3,\"name\":\"Gainontzeko ordenantzak\"}]},{\"@type\":\"WebSite\",\"@id\":\"https:\/\/www.ansoain.es\/eu\/#website\",\"url\":\"https:\/\/www.ansoain.es\/eu\/\",\"name\":\"Antsoaingo Udala \/ Ayuntamiento de Anso\u00e1in\",\"description\":\"Sitio web del Antsoaingo Udala \/ Ayuntamiento de Anso\u00e1in\",\"potentialAction\":[{\"@type\":\"SearchAction\",\"target\":{\"@type\":\"EntryPoint\",\"urlTemplate\":\"https:\/\/www.ansoain.es\/eu\/?s={search_term_string}\"},\"query-input\":{\"@type\":\"PropertyValueSpecification\",\"valueRequired\":true,\"valueName\":\"search_term_string\"}}],\"inLanguage\":\"eu-ES\"}]}<\/script>\r\n<!-- \/ Yoast SEO plugin. -->","yoast_head_json":{"title":"Gainontzeko ordenantzak - Antsoaingo Udala \/ Ayuntamiento de Anso\u00e1in","robots":{"index":"index","follow":"follow","max-snippet":"max-snippet:-1","max-image-preview":"max-image-preview:large","max-video-preview":"max-video-preview:-1"},"canonical":"https:\/\/www.ansoain.es\/eu\/udala\/gainontzeko-ordenantzak\/","og_locale":"eu_ES","og_type":"article","og_title":"Gainontzeko ordenantzak - Antsoaingo Udala \/ Ayuntamiento de Anso\u00e1in","og_description":"HIRIGINTZA Lursailen eta orubeen garbiketa eta orubeen hesitzea arautzen dituen ordenantza. 182.Ald. 2023ko abuztua (422 kb) Udal ordenantza, Aurretiazko komunikazioaren edo erantzukizuneko aitorpenaren bidez hasitako jarduerak eta obrak ondoren kontrolatzeko prozedura arautzen duena.( 142 kb) Ordenanza reguladora de la instalaci\u00f3n de terrazas y otros elementos asociados a la hosteler\u00eda y al comercio en la v\u00eda [&hellip;]","og_url":"https:\/\/www.ansoain.es\/eu\/udala\/gainontzeko-ordenantzak\/","og_site_name":"Antsoaingo Udala \/ Ayuntamiento de Anso\u00e1in","article_modified_time":"2025-08-28T12:28:34+00:00","twitter_card":"summary_large_image","twitter_misc":{"Est. reading time":"2 minutes"},"schema":{"@context":"https:\/\/schema.org","@graph":[{"@type":"WebPage","@id":"https:\/\/www.ansoain.es\/eu\/udala\/gainontzeko-ordenantzak\/","url":"https:\/\/www.ansoain.es\/eu\/udala\/gainontzeko-ordenantzak\/","name":"Gainontzeko ordenantzak - Antsoaingo Udala \/ Ayuntamiento de Anso\u00e1in","isPartOf":{"@id":"https:\/\/www.ansoain.es\/eu\/#website"},"datePublished":"2012-12-10T15:27:28+00:00","dateModified":"2025-08-28T12:28:34+00:00","breadcrumb":{"@id":"https:\/\/www.ansoain.es\/eu\/udala\/gainontzeko-ordenantzak\/#breadcrumb"},"inLanguage":"eu-ES","potentialAction":[{"@type":"ReadAction","target":["https:\/\/www.ansoain.es\/eu\/udala\/gainontzeko-ordenantzak\/"]}]},{"@type":"BreadcrumbList","@id":"https:\/\/www.ansoain.es\/eu\/udala\/gainontzeko-ordenantzak\/#breadcrumb","itemListElement":[{"@type":"ListItem","position":1,"name":"Portada","item":"https:\/\/www.ansoain.es\/eu\/"},{"@type":"ListItem","position":2,"name":"Udala","item":"https:\/\/www.ansoain.es\/eu\/udala\/"},{"@type":"ListItem","position":3,"name":"Gainontzeko ordenantzak"}]},{"@type":"WebSite","@id":"https:\/\/www.ansoain.es\/eu\/#website","url":"https:\/\/www.ansoain.es\/eu\/","name":"Antsoaingo Udala \/ Ayuntamiento de Anso\u00e1in","description":"Sitio web del Antsoaingo Udala \/ Ayuntamiento de Anso\u00e1in","potentialAction":[{"@type":"SearchAction","target":{"@type":"EntryPoint","urlTemplate":"https:\/\/www.ansoain.es\/eu\/?s={search_term_string}"},"query-input":{"@type":"PropertyValueSpecification","valueRequired":true,"valueName":"search_term_string"}}],"inLanguage":"eu-ES"}]}},"_links":{"self":[{"href":"http:\/\/www.ansoain.es\/eu\/wp-json\/wp\/v2\/pages\/24943","targetHints":{"allow":["GET"]}}],"collection":[{"href":"http:\/\/www.ansoain.es\/eu\/wp-json\/wp\/v2\/pages"}],"about":[{"href":"http:\/\/www.ansoain.es\/eu\/wp-json\/wp\/v2\/types\/page"}],"author":[{"embeddable":true,"href":"http:\/\/www.ansoain.es\/eu\/wp-json\/wp\/v2\/users\/1"}],"replies":[{"embeddable":true,"href":"http:\/\/www.ansoain.es\/eu\/wp-json\/wp\/v2\/comments?post=24943"}],"version-history":[{"count":29,"href":"http:\/\/www.ansoain.es\/eu\/wp-json\/wp\/v2\/pages\/24943\/revisions"}],"predecessor-version":[{"id":42442,"href":"http:\/\/www.ansoain.es\/eu\/wp-json\/wp\/v2\/pages\/24943\/revisions\/42442"}],"up":[{"embeddable":true,"href":"http:\/\/www.ansoain.es\/eu\/wp-json\/wp\/v2\/pages\/24842"}],"wp:attachment":[{"href":"http:\/\/www.ansoain.es\/eu\/wp-json\/wp\/v2\/media?parent=24943"}],"curies":[{"name":"wp","href":"https:\/\/api.w.org\/{rel}","templated":true}]}}