{"id":25128,"date":"2012-12-13T11:45:39","date_gmt":"2012-12-13T10:45:39","guid":{"rendered":"http:\/\/www.ansoain.es\/kirola\/"},"modified":"2026-01-08T14:30:28","modified_gmt":"2026-01-08T13:30:28","slug":"kirola","status":"publish","type":"page","link":"http:\/\/www.ansoain.es\/eu\/zerbitzuak\/kirola\/","title":{"rendered":"Kirola"},"content":{"rendered":"<h2 style=\"text-align: center;\"><span style=\"color: #054da1;\">Kirol Zerbitzua<\/span><\/h2>\n<table style=\"border-collapse: collapse; width: 100%;\" border=\"1\">\n<tbody>\n<tr style=\"height: 65px; background-color: #054da1;\">\n<td style=\"width: 50%; height: 65px;\">\n<h3 style=\"text-align: center;\"><span style=\"color: #fff; background-color: #054da1;\">Kontaktua<\/span><\/h3>\n<\/td>\n<td style=\"width: 50%; height: 65px;\">\n<h3 style=\"text-align: center;\"><span style=\"color: #fff; background-color: #054da1;\">Teknikaria<br \/>\n<\/span><\/h3>\n<\/td>\n<\/tr>\n<tr>\n<td style=\"width: 437px;\">\n<ul>\n<li><strong>Tel<\/strong>.: 948 13 22 88<\/li>\n<li><strong>E-Posta<\/strong>: <a href=\"mailto:administraciondeportes@ansoain.es\">administraciondeportes@ansoain.es<\/a> <a href=\"mailto:deportes@ansoain.es\">deportes@ansoain.es<\/a><\/li>\n<li><strong>Web<\/strong>: <a href=\"http:\/\/www.ansoain.es\" target=\"_blank\" rel=\"noopener\">http:\/\/www.ansoain.es<\/a><\/li>\n<li><strong>Jendearen arreta ordutegia:<\/strong>Astelehenetik ostiralera, 08:30-14:00<\/li>\n<\/ul>\n<\/td>\n<td style=\"width: 421px;\">\n<ul>\n<li><strong>Teknikaria: Alfredo Os\u00e9s Gonz\u00e1lez<br \/>\n<\/strong><\/li>\n<\/ul>\n<\/td>\n<\/tr>\n<\/tbody>\n<\/table>\n<h2 style=\"text-align: center;\">IDAKI<\/h2>\n<ul>\n<li><strong>Tel<\/strong>.: 948 14 07 82<\/li>\n<li><strong>Email<\/strong>: <a href=\"mailto:kirolak@ansoain.es\"><span class=\"s3\">kirolak@ansoain.es<\/span><\/a><\/li>\n<li><strong>Web<\/strong>:<span class=\"s2\">\u00a0<a href=\"https:\/\/www.idaki.org\"><span class=\"s3\">https:\/\/www.idaki.org<\/span><\/a><\/span><\/li>\n<li class=\"li1\"><span class=\"s2\"><b>Facebook:<\/b> <a href=\"https:\/\/www.facebook.com\/idakirolak\"><span class=\"s3\">https:\/\/www.facebook.com\/idakirolak<\/span><\/a><\/span><\/li>\n<li class=\"li2\"><b>Instagram:<\/b> @idakirolak<\/li>\n<li><strong>Horario de atenci\u00f3n al p\u00fablico:<\/strong> lunes a s\u00e1bado, de 09:30 a 21:30 h\u00a0y domingos y festivos de 9:30 a 14:30.<\/li>\n<\/ul>\n<h2 style=\"text-align: center;\">SOCIEDAD P\u00daBLICA IDAKIROLAK<\/h2>\n<ul class=\"ul1\">\n<li class=\"li1\"><b>Tel<\/b>.: 948 14 07 82<\/li>\n<li class=\"li2\"><span class=\"s3\"><b>Email<\/b>:\u00a0 <a href=\"mailto:idaki@ansoain.es\"><span class=\"s4\">idaki@ansoain.es<\/span><\/a><\/span><\/li>\n<li class=\"li2\"><span class=\"s3\"><b>Web<\/b>: <a href=\"https:\/\/www.idaki.org\"><span class=\"s4\">https:\/\/www.idaki.org<\/span><\/a><\/span><\/li>\n<li class=\"li2\"><span class=\"s3\"><b>Facebook:<\/b> <a href=\"https:\/\/www.facebook.com\/idakirolak\"><span class=\"s4\">https:\/\/www.facebook.com\/idakirolak<\/span><\/a><\/span><\/li>\n<li class=\"li1\"><b>Instagram:<\/b> @idakirolak<\/li>\n<li class=\"li1\"><b>Gerente:<\/b> Elena Mart\u00ednez Chivite<\/li>\n<\/ul>\n<h3 style=\"color: #054da1;\">Instalazioak:<\/h3>\n<div class=\"bloque class-col-xs-12\"><a href=\"#Udalkirolinstalazioak\" class=\"bloque-tab\">Udal Kirol Instalazioak<\/a><div class=\"contenido-bloque\" id=\"Udalkirolinstalazioak\" style=\"display: none;\"><\/p>\n<p>Antsoaingo Udaleko kiroletarako eta erlaxaziorako instalazioek 10.000\u00a0<abbr title=\"metro karratu\">m2<\/abbr>\u00a0hartzen dituzte. Instalazioetan kirol eremuak eta erlaxatzeko guneak daude. Kirol eremuan, hainbat areto daude: gimnasioak, pilotalekua, rokodromoa, kiroldegia, judorako, aerobikerako, dantzarako&#8230; aretoak. Erlaxatzeko, berriz, termak, saunak, jakuzzia, hidroterapiako igerilekuak, oinen masajerako gela eta abar eskaintzen ditu Idakik.<\/p>\n<p><strong>Gune hidrotermalako igerilekuak:<\/strong><\/p>\n<ul>\n<li>25\u00a0<abbr title=\"metro\">m<\/abbr>-ko igerilekua.<\/li>\n<li>25 m-ko oinetako masaje zirkuitua.<\/li>\n<li>Atsedena hartzeko igerileku termala: indar desberdinarekin ateratzen diren alboko 3 ur zorrotada multzo; hidromasajeko 8 etzaleku; zerbikaletarako zorrotadak; oin eta orkatiletarako injektoreak; jakuzzia.<\/li>\n<li>Sauna eremua: 2 sauna finlandiar idor, gizonezkoendako eta emakumezkoendako, saunara sartu aurreko gunearekin eta dutxekin; terma mistoa; sauna finlandiar mistoa; sauna turko hezea, mistoa; 4 dutxa eskoziar, ur zurrotadak hainbat altueratan dituztenak; eta erlaxatzeko eremua.<\/li>\n<\/ul>\n<p><strong>Igerileku estalia:<\/strong><\/p>\n<p>Klimatizatutako igerileku estalia du, 25 metrokoa, sei kalerekin eta aldagelekin<\/p>\n<p><strong>Udako igerilekuak:<br \/>\n<\/strong><\/p>\n<p>Igerileku jolaserako erdizirkularra eta plisti-plasta ibiltzeko. Berdegunea eta ping-pong mahaiak. Terraza eta taberna-jatetxea daude.<\/p>\n<p><strong>Fitness aretoa:<br \/>\n<\/strong><\/p>\n<p>Fitness aretoa, 550 m2-koa, kardio-makinen gunea, pisu libreko gunea, makina isotonikoen gunea, crosstraining eta boxeorako gunea eta luzatze-gunea dituena.<\/p>\n<p><strong>Frontoia:<\/strong><\/p>\n<p>12 zenbaki eta erdiko frontoi estalia, zementuzko zoru leundua eta alboko horma eta errebotea berde kolorekoa dituena. Frontisa harrizkoa da, eta lerro zuria du. 500 lagunentzako eserita.<\/p>\n<p><strong>Kiroldegia<\/strong>:<\/p>\n<p>Kiroldegia, hiru saskibaloi-kantxa eta arauzko areto-futboleko zelaia, harmailak eta aldagelak dituena.<\/p>\n<p><strong>Rokodromoa<\/strong>:<\/p>\n<p>12 metroko altuera duen rokodromoa.<\/p>\n<p><strong>Futbol-zelaia:<\/strong><\/p>\n<p>55&#215;95 m-ko belar artifizialeko zelaia, zabaleran futbol-8 partida jokatzeko aukera ematen duena. 4 aldagela eta zerbitzu dituen eraikina.<\/p>\n<p><strong>Kanpoko pista erdi itxiak:<\/strong><\/p>\n<p>Ezkaba Eskola Publikoko patioan 38 \u00d7 20ko bi pista erdiitxi daude saskibaloirako eta futbitorako, asfaltozko zoruarekin.<\/p>\n<p><strong>Patinatzeko pista:<\/strong><\/p>\n<p>Haur parkearen eremuaren barnean dago. Ez da egokia lehiaketarako, ezta lehiaketa entrenamenduetarako ere. 285 <abbr title=\"metro\">m<\/abbr>-ko soka du, 90na m-ko bi soka zuzen, eta radioak eta bihurguneak<\/p>\n<p><\/div><\/div>\n<div class=\"bloque class-col-xs-12\"><a href=\"#Kirolinstalazioakegutegia\" class=\"bloque-tab\">Kirol-instalazioak irekitzeko eta ixteko egutegia. <\/a><div class=\"contenido-bloque\" id=\"Kirolinstalazioakegutegia\" style=\"display: none;\"><\/p>\n<p><a href=\"http:\/\/www.ansoain.es\/wp-content\/uploads\/2026\/01\/CALENDARIO.-DIAS-ESPECIALES-2026.pdf\">EGUTEGIA 2026. Egun bereziak<\/a><\/p>\n<p><a href=\"http:\/\/www.ansoain.es\/wp-content\/uploads\/2026\/01\/CALENDARIO-2026.pdf\">Kirol Egutegia 2026<\/a><\/p>\n<p><\/div><\/div>\n<div class=\"bloque class-col-xs-12\"><a href=\"#tarifakprezioak\" class=\"bloque-tab\">Tarifak eta prezioak<\/a><div class=\"contenido-bloque\" id=\"tarifakprezioak\" style=\"display: none;\"><\/p>\n<p><a href=\"http:\/\/www.ansoain.es\/wp-content\/uploads\/2026\/01\/TARIFAS-IDAKI-2026.pdf\">2026 HILEKO TARIFAK<\/a><\/p>\n<p><a href=\"http:\/\/www.ansoain.es\/wp-content\/uploads\/2026\/01\/TARIFAS-2026-DIPTICO.pdf\">DIPTIKOA 2026<\/a><\/p>\n<p><\/div><\/div>\n<div class=\"bloque class-col-xs-12\"><a href=\"#ordenantza\" class=\"bloque-tab\">Ordenantza<\/a><div class=\"contenido-bloque\" id=\"ordenantza\" style=\"display: none;\"><\/p>\n<p><a href=\"https:\/\/www.ansoain.es\/eu\/udala\/ordenantza-fiskalak\/\">13.Ordenantza<\/a><\/p>\n<p><\/div><\/div>\n<div class=\"bloque class-col-xs-12\"><a href=\"#inprimakiak\" class=\"bloque-tab\">inprimakiak<\/a><div class=\"contenido-bloque\" id=\"inprimakiak\" style=\"display: none;\"><\/p>\n<p><strong>Eskaerak entregatzeko: Idaki, Kirol Zerbitzua. Mendikale 1. 31013 Antsoain (NAFARROA). Astelehenetik ostiralera 08:30tik 14:00etara.<\/strong><\/p>\n<p><a href=\"http:\/\/www.ansoain.es\/wp-content\/uploads\/2016\/09\/ABONO-VERANO-UDAKO-BONUA-.pdf\">Udako bonua (84 kb)<\/a><\/p>\n<p><a href=\"http:\/\/www.ansoain.es\/wp-content\/uploads\/2020\/02\/2020-01-ALTAS-lopd-actualiz0219.pdf\">Instalazioak erabiltzeko eskaera (103 kb)<\/a><\/p>\n<p><a href=\"http:\/\/www.ansoain.es\/wp-content\/uploads\/2016\/09\/HORARIOS-y-DOCUMENTACI\u00d3N-WEB.pdf\" target=\"_blank\" rel=\"noopener\">Eskaerarekin ekarri behar diren dokumentuak (52 kb)<\/a><\/p>\n<p><a href=\"http:\/\/www.ansoain.es\/wp-content\/uploads\/2020\/02\/2020-01-SOLICITUD-NUEVA-TARJETA.pdf\">Erabiltzeko txartel berriaren eskaera (26 kb)<\/a><\/p>\n<p><a href=\"http:\/\/www.ansoain.es\/wp-content\/uploads\/2016\/09\/SOLICITUD-NUEVA-TARJETA-CAMBIO-DE-FOTO.pdf\" target=\"_blank\" rel=\"noopener\">Argazki aldaketaren eskaera\u00a0 (21 kb)<\/a><\/p>\n<p><a href=\"http:\/\/www.ansoain.es\/wp-content\/uploads\/2016\/09\/02-SOLICITUD-DE-BAJA1.pdf\" target=\"_blank\" rel=\"noopener\">Baja emateko eskaera (Tamaina\u00a059 kb)<\/a><\/p>\n<p><a href=\"https:\/\/www.ansoain.es\/eu\/udala\/instantziak-eta-eskaera-ereduak\/\">Helbideratze Aginduaren Erreferentzia <\/a><\/p>\n<p><\/div><\/div>\n<div class=\"bloque class-col-xs-12\"><a href=\"#programa\" class=\"bloque-tab\">Kodigo etikoa<\/a><div class=\"contenido-bloque\" id=\"programa\" style=\"display: none;\"><\/p>\n<p><a href=\"http:\/\/www.ansoain.es\/wp-content\/uploads\/2022\/06\/Co\u0301digo-e\u0301tico-eusk.pdf\">Kodigo etikoa<\/a><\/p>\n<p><\/div><\/div>\n<div class=\"bloque class-col-xs-12\"><a href=\"#jarduerak\" class=\"bloque-tab\">Kirol zerbitzuko 2025-2026ko kirol jarduerak<\/a><div class=\"contenido-bloque\" id=\"jarduerak\" style=\"display: none;\"><\/p>\n<p><a href=\"http:\/\/www.ansoain.es\/wp-content\/uploads\/2025\/05\/Agenda-Deportes-EUSK-2025.pdf\" target=\"_blank\" rel=\"noopener\">2025-2026 Kirol Jarduerak<\/a><\/p>\n<p><\/div><\/div>\n<div class=\"bloque class-col-xs-12\"><a href=\"#idaki\" class=\"bloque-tab\">Idakiko jarduerak - Kirol bonu egitaraua<\/a><div class=\"contenido-bloque\" id=\"idaki\" style=\"display: none;\"><\/p>\n<p>Informazio gehiago <a href=\"https:\/\/www.idaki.org\/es\">https:\/\/www.idaki.org\/es<\/a><\/p>\n<p><\/div><\/div>\n<div class=\"bloque class-col-xs-12\"><a href=\"#Multikirola\" class=\"bloque-tab\">Multikirola 6-8 urteko haurrentzat eta Psikomotrizitatea 4 eta 5 urteko haurrentzat<\/a><div class=\"contenido-bloque\" id=\"Multikirola\" style=\"display: none;\"><\/p>\n<p><a href=\"http:\/\/www.ansoain.es\/wp-content\/uploads\/2025\/10\/Programa-Multikirola.pdf\">Programa Multikirola<\/a><\/p>\n<p><a href=\"http:\/\/www.ansoain.es\/wp-content\/uploads\/2025\/10\/Programa-Psikomotrizitatea.pdf\">Programa Psikomotrizitatea<\/a><\/p>\n<p><a href=\"http:\/\/www.ansoain.es\/wp-content\/uploads\/2025\/10\/Programazio-osoa-Multikirola.pdf\">Programazio osoa Multikirola<\/a><\/p>\n<p><a href=\"http:\/\/www.ansoain.es\/wp-content\/uploads\/2025\/10\/Multideporte-IDAKI.pdf\">Multikirola-IDAKI<\/a><\/p>\n<p><\/div><\/div>\n<div class=\"bloque class-col-xs-12\"><a href=\"#60urtetikgora\" class=\"bloque-tab\">60 urtetik gorakoentzako jarduerak<\/a><div class=\"contenido-bloque\" id=\"60urtetikgora\" style=\"display: none;\"><\/p>\n<p>&nbsp;<\/p>\n<p>&nbsp;<\/p>\n<p><\/div><\/div>\n<div class=\"bloque class-col-xs-12\"><a href=\"#ariketafisikoa\" class=\"bloque-tab\">Antsoaingo ariketa fisikoa egiteko errezeta<\/a><div class=\"contenido-bloque\" id=\"ariketafisikoa\" style=\"display: none;\"><\/p>\n<p data-pm-slice=\"1 1 []\">Antsoaingo Udalak eta udalerriko osasun etxeak hitzarmena sinatu dute, Antsoainen kirol errezeta koordinatu eta bultzatzeko.<\/p>\n<p>Jarduera fisikoa egiteak eta sedentarismoa gutxitzeak eragin nabarmena du osasunaren eta autonomiaren hobekuntzan, eta Antsoaingo Udalak eta osasun-zentroak berriro ekin diote elkarrekin lan egiteari, kirol-errezetaren proiektua suspertzeko. 2020an martxan egon zen proiektu hori gelditu egin zen Covida iritsi zenean. Orain, egoera egonkor batean eta Antsoaingo bizilagunen bizi-kalitatea hobetzeko ekintzak bultzatzeko helburu garbiarekin, osasun zentroak ariketa fisikoa errezetatuko die osasun arazo desberdinak dituzten pazienteei.<\/p>\n<p><strong>Antsoaingo kirol errezetaren helburu argiak.<\/strong><\/p>\n<p>Udalaren eta osasun-zentroaren arteko lankidetza horri esker, irailetik aurrera, Udalaren kirol-instalazioetan ariketa fisiko gidatua eta programatua egin ahal izango da, gaixotasun kronikoak eta arrisku-faktoreak (hipertentsioa, BGBK, II. motako diabetesa, obesitatea edo fibromialgia, adibidez) dituzten pazienteen osasuna hobetzeko. Jarduera fisikoaren eta kirolaren zientzietako graduatu batek emanen ditu programa eta saioak. Errezetaren bidez, osasunari begira egiten den jarduera fisikoa sustatu eta honen inguruan sentsibilizatuko da, eta ariketa fisikoarekin errezetatutako pertsonek jarduera fisikoari egiten dioten atxikimendua adieraziko da.<\/p>\n<p><strong>Kirol errezetaren funtzionamendua.<\/strong><\/p>\n<p>Ariketa fisikoaren errezetarekin preskribitutako pertsonak osasun zentroko pazienteak dira, deskribatutako gaixotasunetako batekin diagnostikatu direnak, eta medikuek egokitzat jotzen dituzten beste pertsona batzuk. Kirol-instalazioetan, pertsona horri elkarrizketa egin eta test txiki bat egin dio kirol-profesional batek, haren egoera fisikoa eta osasunekoa ezagutzeko. Hortik aurrera, antzeko patologiak dituzten pertsonekin talde txikiak sortzen dira, pertsona horien osasuna eta autonomia hobetzeko. Programak irailetik ekainaren bukaera arte iraungo du.<\/p>\n<p>Informazio gehiago:<\/p>\n<p><a href=\"http:\/\/www.ansoain.es\/wp-content\/uploads\/2024\/12\/triptico-receta-de-ejercicio-fisico-eusk-DEFINITIVO.pdf\">Triptikoa\u00a0\u00a0<\/a><\/p>\n<p><a href=\"mailto:kirola-salud@ansoain.es\">kirola-salud@ansoain.es<\/a><\/p>\n<p><a href=\"https:\/\/www.youtube.com\/watch?v=KMDWAr4eQNw\">youtube.com\/watch?v=KMDWAr4eQNw<\/a><\/p>\n<p><a href=\"https:\/\/youtu.be\/uGg0NQtpo0U\">https:\/\/youtu.be\/uGg0NQtpo0U\u00a0<\/a><\/p>\n<p><a href=\"http:\/\/www.ansoain.es\/wp-content\/uploads\/2025\/11\/logo-GOB-Agenda-2030-2-colores.jpg\"><img loading=\"lazy\" decoding=\"async\" class=\"alignleft size-medium wp-image-42825\" src=\"http:\/\/www.ansoain.es\/wp-content\/uploads\/2025\/11\/logo-GOB-Agenda-2030-2-colores-300x66.jpg\" alt=\"\" width=\"300\" height=\"66\" srcset=\"http:\/\/www.ansoain.es\/wp-content\/uploads\/2025\/11\/logo-GOB-Agenda-2030-2-colores-300x66.jpg 300w, http:\/\/www.ansoain.es\/wp-content\/uploads\/2025\/11\/logo-GOB-Agenda-2030-2-colores-1024x225.jpg 1024w, http:\/\/www.ansoain.es\/wp-content\/uploads\/2025\/11\/logo-GOB-Agenda-2030-2-colores-768x168.jpg 768w, http:\/\/www.ansoain.es\/wp-content\/uploads\/2025\/11\/logo-GOB-Agenda-2030-2-colores-1536x337.jpg 1536w, http:\/\/www.ansoain.es\/wp-content\/uploads\/2025\/11\/logo-GOB-Agenda-2030-2-colores-255x56.jpg 255w, http:\/\/www.ansoain.es\/wp-content\/uploads\/2025\/11\/logo-GOB-Agenda-2030-2-colores.jpg 1687w\" sizes=\"auto, (max-width: 300px) 100vw, 300px\" \/><\/a><\/p>\n<p>&nbsp;<\/p>\n<p><a href=\"http:\/\/www.ansoain.es\/wp-content\/uploads\/2025\/11\/aa.png\"><img loading=\"lazy\" decoding=\"async\" class=\"alignleft wp-image-42828 size-full\" src=\"http:\/\/www.ansoain.es\/wp-content\/uploads\/2025\/11\/aa.png\" alt=\"\" width=\"623\" height=\"79\" srcset=\"http:\/\/www.ansoain.es\/wp-content\/uploads\/2025\/11\/aa.png 623w, http:\/\/www.ansoain.es\/wp-content\/uploads\/2025\/11\/aa-300x38.png 300w, http:\/\/www.ansoain.es\/wp-content\/uploads\/2025\/11\/aa-255x32.png 255w\" sizes=\"auto, (max-width: 623px) 100vw, 623px\" \/><\/a><\/p>\n<p>&nbsp;<\/p>\n<p>&nbsp;<\/p>\n<p><\/div><\/div>\n<div class=\"bloque class-col-xs-12\"><a href=\"#Kirolelkarteak\" class=\"bloque-tab\">Antsoaingo kirol elkarteak, kirol zerbitzuarekin lankidetza hitzarmenarekin<\/a><div class=\"contenido-bloque\" id=\"Kirolelkarteak\" style=\"display: none;\"><\/p>\n<div class=\"bloque class-col-xs-12\">\n<div id=\"FRONTON4\" class=\"contenido-bloque\">\n<p class=\"p1\">Club\u00a0<b>Ajedrez<\/b>\u00a0Mikel Gurea: &lt;mrazkin@hotmail.com&gt;<\/p>\n<p class=\"p1\">Club\u00a0<b>R\u00edtmica<\/b>\u00a0Anso\u00e1in: https:\/\/www.ansoainritmica.es<\/p>\n<p class=\"p1\">Club\u00a0<b>Judo<\/b>\u00a0Anso\u00e1in: &lt;josetxoleon@hotmail.com&gt;<\/p>\n<p class=\"p1\">Club\u00a0<b>Triatl\u00f3n<\/b>\u00a0Antsoain: &lt;clubtriatlonantsoain@gmail.com&gt;<\/p>\n<p class=\"p1\">Club de\u00a0<b>Futbol<\/b>\u00a0Gazte Berriak Antsoain: https:\/\/www.gazteberriak.com<\/p>\n<p class=\"p1\"><b>Basket<\/b>\u00a0Gazte Berriak Saskibaloi Kluba: &lt;gazteberriaksk@gmail.com&gt;<\/p>\n<p class=\"p1\"><b>Escalada\u00a0<\/b>Club deportivo Antsoaingo Mendi Eskola: &lt;rocodromo.antsoain@gmail.com&gt;<\/p>\n<p class=\"p1\">Club Antsoain\u00a0<b>Herri Kirol<\/b>\u00a0Taldea: &lt;herrikirolakantsoain@gmail.com&gt;<\/p>\n<p class=\"p1\">Club\u00a0<b>Halterofilia<\/b>\u00a0Gazte Berriak: &lt;halterofiliagazte@gmail.com&gt;<\/p>\n<\/div>\n<\/div>\n<p><\/div><\/div>\n<div class=\"bloque class-col-xs-12\"><a href=\"#dirulaguntzak\" class=\"bloque-tab\">DIRULAGUNTZAK<\/a><div class=\"contenido-bloque\" id=\"dirulaguntzak\" style=\"display: none;\"><\/p>\n<p><a href=\"http:\/\/www.ansoain.es\/wp-content\/uploads\/2025\/08\/Bases_de_la_convocatoria_2025.pdf\">IKASTAROETARA JOATEKO GIZARTE LAGUNTZEN DEIALDIA KIROL- ETA KULTURA-JARDUERAK, HEZKUNTZAKOAK, KULTURALAK,ANTSOAINGO UDALAK ANTOLATUTAKO KIROL ETA GIZARTE EKINTZAK 2025. URTEA5<\/a> \u00a0\u00a0\u00a0 <a href=\"http:\/\/www.ansoain.es\/wp-content\/uploads\/2025\/08\/Hoja_de_solicitud_2025.pdf\">Eskaera (75 kb)<\/a><\/p>\n<p><\/div><\/div>\n<p><a href=\"https:\/\/www.idaki.org\/eu\" target=\"_blank\" rel=\"noopener\">IDAKI &#8211; WWW.IDAKI.ORG<\/a><\/p>\n","protected":false},"excerpt":{"rendered":"<p>Kirol Zerbitzua Kontaktua Teknikaria Tel.: 948 13 22 88 E-Posta: administraciondeportes@ansoain.es deportes@ansoain.es Web: http:\/\/www.ansoain.es Jendearen arreta ordutegia:Astelehenetik ostiralera, 08:30-14:00 Teknikaria: Alfredo Os\u00e9s Gonz\u00e1lez IDAKI Tel.: 948 14 07 82 Email: kirolak@ansoain.es Web:\u00a0https:\/\/www.idaki.org Facebook: https:\/\/www.facebook.com\/idakirolak Instagram: @idakirolak Horario de atenci\u00f3n al p\u00fablico: lunes a s\u00e1bado, de 09:30 a 21:30 h\u00a0y domingos y festivos de 9:30 a [&hellip;]<\/p>\n","protected":false},"author":1,"featured_media":0,"parent":24914,"menu_order":79,"comment_status":"closed","ping_status":"closed","template":"","meta":{"_exactmetrics_skip_tracking":false,"_exactmetrics_sitenote_active":false,"_exactmetrics_sitenote_note":"","_exactmetrics_sitenote_category":0,"footnotes":""},"class_list":["post-25128","page","type-page","status-publish","hentry"],"yoast_head":"<!-- This site is optimized with the Yoast SEO plugin v24.9 - https:\/\/yoast.com\/wordpress\/plugins\/seo\/ -->\r\n<title>Kirola - Antsoaingo Udala \/ Ayuntamiento de Anso\u00e1in<\/title>\r\n<meta name=\"robots\" content=\"index, follow, max-snippet:-1, max-image-preview:large, max-video-preview:-1\" \/>\r\n<link rel=\"canonical\" href=\"https:\/\/www.ansoain.es\/eu\/zerbitzuak\/kirola\/\" \/>\r\n<meta property=\"og:locale\" content=\"eu_ES\" \/>\r\n<meta property=\"og:type\" content=\"article\" \/>\r\n<meta property=\"og:title\" content=\"Kirola - Antsoaingo Udala \/ Ayuntamiento de Anso\u00e1in\" \/>\r\n<meta property=\"og:description\" content=\"Kirol Zerbitzua Kontaktua Teknikaria Tel.: 948 13 22 88 E-Posta: administraciondeportes@ansoain.es deportes@ansoain.es Web: http:\/\/www.ansoain.es Jendearen arreta ordutegia:Astelehenetik ostiralera, 08:30-14:00 Teknikaria: Alfredo Os\u00e9s Gonz\u00e1lez IDAKI Tel.: 948 14 07 82 Email: kirolak@ansoain.es Web:\u00a0https:\/\/www.idaki.org Facebook: https:\/\/www.facebook.com\/idakirolak Instagram: @idakirolak Horario de atenci\u00f3n al p\u00fablico: lunes a s\u00e1bado, de 09:30 a 21:30 h\u00a0y domingos y festivos de 9:30 a [&hellip;]\" \/>\r\n<meta property=\"og:url\" content=\"https:\/\/www.ansoain.es\/eu\/zerbitzuak\/kirola\/\" \/>\r\n<meta property=\"og:site_name\" content=\"Antsoaingo Udala \/ Ayuntamiento de Anso\u00e1in\" \/>\r\n<meta property=\"article:modified_time\" content=\"2026-01-08T13:30:28+00:00\" \/>\r\n<meta property=\"og:image\" content=\"http:\/\/www.ansoain.es\/wp-content\/uploads\/2025\/11\/logo-GOB-Agenda-2030-2-colores-300x66.jpg\" \/>\r\n<meta name=\"twitter:card\" content=\"summary_large_image\" \/>\r\n<meta name=\"twitter:label1\" content=\"Est. reading time\" \/>\n\t<meta name=\"twitter:data1\" content=\"5 minutes\" \/>\r\n<script type=\"application\/ld+json\" class=\"yoast-schema-graph\">{\"@context\":\"https:\/\/schema.org\",\"@graph\":[{\"@type\":\"WebPage\",\"@id\":\"https:\/\/www.ansoain.es\/eu\/zerbitzuak\/kirola\/\",\"url\":\"https:\/\/www.ansoain.es\/eu\/zerbitzuak\/kirola\/\",\"name\":\"Kirola - Antsoaingo Udala \/ Ayuntamiento de Anso\u00e1in\",\"isPartOf\":{\"@id\":\"http:\/\/www.ansoain.es\/eu\/#website\"},\"primaryImageOfPage\":{\"@id\":\"https:\/\/www.ansoain.es\/eu\/zerbitzuak\/kirola\/#primaryimage\"},\"image\":{\"@id\":\"https:\/\/www.ansoain.es\/eu\/zerbitzuak\/kirola\/#primaryimage\"},\"thumbnailUrl\":\"http:\/\/www.ansoain.es\/wp-content\/uploads\/2025\/11\/logo-GOB-Agenda-2030-2-colores-300x66.jpg\",\"datePublished\":\"2012-12-13T10:45:39+00:00\",\"dateModified\":\"2026-01-08T13:30:28+00:00\",\"breadcrumb\":{\"@id\":\"https:\/\/www.ansoain.es\/eu\/zerbitzuak\/kirola\/#breadcrumb\"},\"inLanguage\":\"eu-ES\",\"potentialAction\":[{\"@type\":\"ReadAction\",\"target\":[\"https:\/\/www.ansoain.es\/eu\/zerbitzuak\/kirola\/\"]}]},{\"@type\":\"ImageObject\",\"inLanguage\":\"eu-ES\",\"@id\":\"https:\/\/www.ansoain.es\/eu\/zerbitzuak\/kirola\/#primaryimage\",\"url\":\"http:\/\/www.ansoain.es\/wp-content\/uploads\/2025\/11\/logo-GOB-Agenda-2030-2-colores-300x66.jpg\",\"contentUrl\":\"http:\/\/www.ansoain.es\/wp-content\/uploads\/2025\/11\/logo-GOB-Agenda-2030-2-colores-300x66.jpg\"},{\"@type\":\"BreadcrumbList\",\"@id\":\"https:\/\/www.ansoain.es\/eu\/zerbitzuak\/kirola\/#breadcrumb\",\"itemListElement\":[{\"@type\":\"ListItem\",\"position\":1,\"name\":\"Portada\",\"item\":\"http:\/\/www.ansoain.es\/eu\/\"},{\"@type\":\"ListItem\",\"position\":2,\"name\":\"Zerbitzuak\",\"item\":\"https:\/\/www.ansoain.es\/eu\/zerbitzuak\/\"},{\"@type\":\"ListItem\",\"position\":3,\"name\":\"Kirola\"}]},{\"@type\":\"WebSite\",\"@id\":\"http:\/\/www.ansoain.es\/eu\/#website\",\"url\":\"http:\/\/www.ansoain.es\/eu\/\",\"name\":\"Antsoaingo Udala \/ Ayuntamiento de Anso\u00e1in\",\"description\":\"Sitio web del Antsoaingo Udala \/ Ayuntamiento de Anso\u00e1in\",\"potentialAction\":[{\"@type\":\"SearchAction\",\"target\":{\"@type\":\"EntryPoint\",\"urlTemplate\":\"http:\/\/www.ansoain.es\/eu\/?s={search_term_string}\"},\"query-input\":{\"@type\":\"PropertyValueSpecification\",\"valueRequired\":true,\"valueName\":\"search_term_string\"}}],\"inLanguage\":\"eu-ES\"}]}<\/script>\r\n<!-- \/ Yoast SEO plugin. -->","yoast_head_json":{"title":"Kirola - Antsoaingo Udala \/ Ayuntamiento de Anso\u00e1in","robots":{"index":"index","follow":"follow","max-snippet":"max-snippet:-1","max-image-preview":"max-image-preview:large","max-video-preview":"max-video-preview:-1"},"canonical":"https:\/\/www.ansoain.es\/eu\/zerbitzuak\/kirola\/","og_locale":"eu_ES","og_type":"article","og_title":"Kirola - Antsoaingo Udala \/ Ayuntamiento de Anso\u00e1in","og_description":"Kirol Zerbitzua Kontaktua Teknikaria Tel.: 948 13 22 88 E-Posta: administraciondeportes@ansoain.es deportes@ansoain.es Web: http:\/\/www.ansoain.es Jendearen arreta ordutegia:Astelehenetik ostiralera, 08:30-14:00 Teknikaria: Alfredo Os\u00e9s Gonz\u00e1lez IDAKI Tel.: 948 14 07 82 Email: kirolak@ansoain.es Web:\u00a0https:\/\/www.idaki.org Facebook: https:\/\/www.facebook.com\/idakirolak Instagram: @idakirolak Horario de atenci\u00f3n al p\u00fablico: lunes a s\u00e1bado, de 09:30 a 21:30 h\u00a0y domingos y festivos de 9:30 a [&hellip;]","og_url":"https:\/\/www.ansoain.es\/eu\/zerbitzuak\/kirola\/","og_site_name":"Antsoaingo Udala \/ Ayuntamiento de Anso\u00e1in","article_modified_time":"2026-01-08T13:30:28+00:00","og_image":[{"url":"http:\/\/www.ansoain.es\/wp-content\/uploads\/2025\/11\/logo-GOB-Agenda-2030-2-colores-300x66.jpg","type":"","width":"","height":""}],"twitter_card":"summary_large_image","twitter_misc":{"Est. reading time":"5 minutes"},"schema":{"@context":"https:\/\/schema.org","@graph":[{"@type":"WebPage","@id":"https:\/\/www.ansoain.es\/eu\/zerbitzuak\/kirola\/","url":"https:\/\/www.ansoain.es\/eu\/zerbitzuak\/kirola\/","name":"Kirola - Antsoaingo Udala \/ Ayuntamiento de Anso\u00e1in","isPartOf":{"@id":"http:\/\/www.ansoain.es\/eu\/#website"},"primaryImageOfPage":{"@id":"https:\/\/www.ansoain.es\/eu\/zerbitzuak\/kirola\/#primaryimage"},"image":{"@id":"https:\/\/www.ansoain.es\/eu\/zerbitzuak\/kirola\/#primaryimage"},"thumbnailUrl":"http:\/\/www.ansoain.es\/wp-content\/uploads\/2025\/11\/logo-GOB-Agenda-2030-2-colores-300x66.jpg","datePublished":"2012-12-13T10:45:39+00:00","dateModified":"2026-01-08T13:30:28+00:00","breadcrumb":{"@id":"https:\/\/www.ansoain.es\/eu\/zerbitzuak\/kirola\/#breadcrumb"},"inLanguage":"eu-ES","potentialAction":[{"@type":"ReadAction","target":["https:\/\/www.ansoain.es\/eu\/zerbitzuak\/kirola\/"]}]},{"@type":"ImageObject","inLanguage":"eu-ES","@id":"https:\/\/www.ansoain.es\/eu\/zerbitzuak\/kirola\/#primaryimage","url":"http:\/\/www.ansoain.es\/wp-content\/uploads\/2025\/11\/logo-GOB-Agenda-2030-2-colores-300x66.jpg","contentUrl":"http:\/\/www.ansoain.es\/wp-content\/uploads\/2025\/11\/logo-GOB-Agenda-2030-2-colores-300x66.jpg"},{"@type":"BreadcrumbList","@id":"https:\/\/www.ansoain.es\/eu\/zerbitzuak\/kirola\/#breadcrumb","itemListElement":[{"@type":"ListItem","position":1,"name":"Portada","item":"http:\/\/www.ansoain.es\/eu\/"},{"@type":"ListItem","position":2,"name":"Zerbitzuak","item":"https:\/\/www.ansoain.es\/eu\/zerbitzuak\/"},{"@type":"ListItem","position":3,"name":"Kirola"}]},{"@type":"WebSite","@id":"http:\/\/www.ansoain.es\/eu\/#website","url":"http:\/\/www.ansoain.es\/eu\/","name":"Antsoaingo Udala \/ Ayuntamiento de Anso\u00e1in","description":"Sitio web del Antsoaingo Udala \/ Ayuntamiento de Anso\u00e1in","potentialAction":[{"@type":"SearchAction","target":{"@type":"EntryPoint","urlTemplate":"http:\/\/www.ansoain.es\/eu\/?s={search_term_string}"},"query-input":{"@type":"PropertyValueSpecification","valueRequired":true,"valueName":"search_term_string"}}],"inLanguage":"eu-ES"}]}},"_links":{"self":[{"href":"http:\/\/www.ansoain.es\/eu\/wp-json\/wp\/v2\/pages\/25128","targetHints":{"allow":["GET"]}}],"collection":[{"href":"http:\/\/www.ansoain.es\/eu\/wp-json\/wp\/v2\/pages"}],"about":[{"href":"http:\/\/www.ansoain.es\/eu\/wp-json\/wp\/v2\/types\/page"}],"author":[{"embeddable":true,"href":"http:\/\/www.ansoain.es\/eu\/wp-json\/wp\/v2\/users\/1"}],"replies":[{"embeddable":true,"href":"http:\/\/www.ansoain.es\/eu\/wp-json\/wp\/v2\/comments?post=25128"}],"version-history":[{"count":53,"href":"http:\/\/www.ansoain.es\/eu\/wp-json\/wp\/v2\/pages\/25128\/revisions"}],"predecessor-version":[{"id":43146,"href":"http:\/\/www.ansoain.es\/eu\/wp-json\/wp\/v2\/pages\/25128\/revisions\/43146"}],"up":[{"embeddable":true,"href":"http:\/\/www.ansoain.es\/eu\/wp-json\/wp\/v2\/pages\/24914"}],"wp:attachment":[{"href":"http:\/\/www.ansoain.es\/eu\/wp-json\/wp\/v2\/media?parent=25128"}],"curies":[{"name":"wp","href":"https:\/\/api.w.org\/{rel}","templated":true}]}}