{"id":25175,"date":"2012-12-18T14:39:42","date_gmt":"2012-12-18T13:39:42","guid":{"rendered":"http:\/\/www.ansoain.es\/osasuna\/"},"modified":"2024-03-07T11:41:36","modified_gmt":"2024-03-07T10:41:36","slug":"osasuna","status":"publish","type":"page","link":"http:\/\/www.ansoain.es\/eu\/udala\/intereseko-gida\/osasuna\/","title":{"rendered":"OSASUNA"},"content":{"rendered":"<div class=\"list-title\"><strong>LARRIALDIAK<\/strong>:<\/div>\n<p>Tel\u00e9fono: 112<\/p>\n<p><strong>BOTIKAK:<\/strong> <a href=\"http:\/\/www.ansoain.es\/wp-content\/uploads\/2024\/03\/FARMACIAS-EN-ANSOAIN.pdf\">Listado con direcciones y tel\u00e9fonos<\/a><\/p>\n<p><strong>OSASUN ETXEA: <\/strong><\/p>\n<p><strong>Oharra:\u00a0Osasun Zentroa itxita egongo da San Saturnino egunean (azaroak 29).\u00a0Iru\u00f1ea inguratzen duten eta landa-larrialdietako zerbitzurik ez duten herrietako zentroek Iru\u00f1eko egutegia aplikatzen dute, Iru\u00f1eko Ospitaleetako Larrialdi Zerbitzu Bereziaren egutegiarekin bat egiteko.<\/strong><\/p>\n<p><strong>Kontsulta ordutegia:<\/strong>\u00a08:30etik\u00a019:00etara<\/p>\n<p><strong>Odol ateratzeak:<\/strong>\u00a08:15etik 8:45era<\/p>\n<ul>\n<li>Familiako medikuarekin, pediatrarekin, erizainarekin eta gizarte langilearekin egoteko hitzordua emango dizugu.<\/li>\n<li>Osasun arazo kronikoak, diabetesa, hipertentsioa, bihotzeko gaitzak, arnasketa arazoak\u2026 zaintzen ditugu.<\/li>\n<li>Etxez etxe ibiltzen gara ezintasuna duten pertsonei arreta egiteko.<\/li>\n<li>Haurren eta helduen osasuna sustatzeko eta prebentzioa lantzeko jarduerak garatzen ditugu: txertatzeak, erretzeari uzteko laguntza\u2026 bai norbanakoari nahiz taldeei zuzenduta.<\/li>\n<li>Miatze osagarriak egiten ditugu: odol eta gernu azterketak, elektrokardiogramak, espirometriak, dopplerrak, eta abar.<\/li>\n<li>Gaixo antikoagulatuen kontrola eramaten dugu.<\/li>\n<li>Sendaketen, injektagarrien, hesgailuen\u2026 jarraipena egiten dugu.<\/li>\n<li>Krioterapia egiten dugu (garatxoak eta fibromak kentzen ditugu.)<\/li>\n<li>Hitzartutako ordutegiaren barnean, telefono bidezko kontsultei arreta egiten diegu.<\/li>\n<li>Prestazio soziosanitarioak bideratzen ditugu.<\/li>\n<li>Arazo sozio-familiarrak zaintzen ditugu.<\/li>\n<li>Larrialdiak osasun etxean bertan hartzen ditugu, lanorduen barnean. Profesional bakoitzak berari dagokion herritar multzoari.<\/li>\n<li>Goizez, etxez etxeko larrialdiei erantzuten diegu.<\/li>\n<\/ul>\n<p><a title=\"lehio berrian irekiko da\" href=\"http:\/\/www.navarra.es\/home_es\/Salud\/\" target=\"_blank\" rel=\"noopener\">ALDEZ AURREKO HITZORDUA INTERNETEN BIDEZ<\/a><\/p>\n<p><strong>Helbidea:<\/strong>\u00a0Ostoki p.k. 31013 Antsoain (NAFARROA)<\/p>\n<p><strong>Telefonoa:<\/strong>\u00a0948 13 61 11<\/p>\n","protected":false},"excerpt":{"rendered":"<p>LARRIALDIAK: Tel\u00e9fono: 112 BOTIKAK: Listado con direcciones y tel\u00e9fonos OSASUN ETXEA: Oharra:\u00a0Osasun Zentroa itxita egongo da San Saturnino egunean (azaroak 29).\u00a0Iru\u00f1ea inguratzen duten eta landa-larrialdietako zerbitzurik ez duten herrietako zentroek Iru\u00f1eko egutegia aplikatzen dute, Iru\u00f1eko Ospitaleetako Larrialdi Zerbitzu Bereziaren egutegiarekin bat egiteko. Kontsulta ordutegia:\u00a08:30etik\u00a019:00etara Odol ateratzeak:\u00a08:15etik 8:45era Familiako medikuarekin, pediatrarekin, erizainarekin eta gizarte langilearekin egoteko [&hellip;]<\/p>\n","protected":false},"author":1,"featured_media":0,"parent":24919,"menu_order":0,"comment_status":"closed","ping_status":"closed","template":"","meta":{"_exactmetrics_skip_tracking":false,"_exactmetrics_sitenote_active":false,"_exactmetrics_sitenote_note":"","_exactmetrics_sitenote_category":0,"footnotes":""},"class_list":["post-25175","page","type-page","status-publish","hentry"],"yoast_head":"<!-- This site is optimized with the Yoast SEO plugin v24.9 - https:\/\/yoast.com\/wordpress\/plugins\/seo\/ -->\r\n<title>OSASUNA - Antsoaingo Udala \/ Ayuntamiento de Anso\u00e1in<\/title>\r\n<meta name=\"robots\" content=\"index, follow, max-snippet:-1, max-image-preview:large, max-video-preview:-1\" \/>\r\n<link rel=\"canonical\" href=\"http:\/\/www.ansoain.es\/eu\/udala\/intereseko-gida\/osasuna\/\" \/>\r\n<meta property=\"og:locale\" content=\"eu_ES\" \/>\r\n<meta property=\"og:type\" content=\"article\" \/>\r\n<meta property=\"og:title\" content=\"OSASUNA - Antsoaingo Udala \/ Ayuntamiento de Anso\u00e1in\" \/>\r\n<meta property=\"og:description\" content=\"LARRIALDIAK: Tel\u00e9fono: 112 BOTIKAK: Listado con direcciones y tel\u00e9fonos OSASUN ETXEA: Oharra:\u00a0Osasun Zentroa itxita egongo da San Saturnino egunean (azaroak 29).\u00a0Iru\u00f1ea inguratzen duten eta landa-larrialdietako zerbitzurik ez duten herrietako zentroek Iru\u00f1eko egutegia aplikatzen dute, Iru\u00f1eko Ospitaleetako Larrialdi Zerbitzu Bereziaren egutegiarekin bat egiteko. Kontsulta ordutegia:\u00a08:30etik\u00a019:00etara Odol ateratzeak:\u00a08:15etik 8:45era Familiako medikuarekin, pediatrarekin, erizainarekin eta gizarte langilearekin egoteko [&hellip;]\" \/>\r\n<meta property=\"og:url\" content=\"http:\/\/www.ansoain.es\/eu\/udala\/intereseko-gida\/osasuna\/\" \/>\r\n<meta property=\"og:site_name\" content=\"Antsoaingo Udala \/ Ayuntamiento de Anso\u00e1in\" \/>\r\n<meta property=\"article:modified_time\" content=\"2024-03-07T10:41:36+00:00\" \/>\r\n<meta name=\"twitter:card\" content=\"summary_large_image\" \/>\r\n<meta name=\"twitter:label1\" content=\"Est. reading time\" \/>\n\t<meta name=\"twitter:data1\" content=\"1 minute\" \/>\r\n<script type=\"application\/ld+json\" class=\"yoast-schema-graph\">{\"@context\":\"https:\/\/schema.org\",\"@graph\":[{\"@type\":\"WebPage\",\"@id\":\"http:\/\/www.ansoain.es\/eu\/udala\/intereseko-gida\/osasuna\/\",\"url\":\"http:\/\/www.ansoain.es\/eu\/udala\/intereseko-gida\/osasuna\/\",\"name\":\"OSASUNA - Antsoaingo Udala \/ Ayuntamiento de Anso\u00e1in\",\"isPartOf\":{\"@id\":\"https:\/\/www.ansoain.es\/#website\"},\"datePublished\":\"2012-12-18T13:39:42+00:00\",\"dateModified\":\"2024-03-07T10:41:36+00:00\",\"breadcrumb\":{\"@id\":\"http:\/\/www.ansoain.es\/eu\/udala\/intereseko-gida\/osasuna\/#breadcrumb\"},\"inLanguage\":\"eu-ES\",\"potentialAction\":[{\"@type\":\"ReadAction\",\"target\":[\"http:\/\/www.ansoain.es\/eu\/udala\/intereseko-gida\/osasuna\/\"]}]},{\"@type\":\"BreadcrumbList\",\"@id\":\"http:\/\/www.ansoain.es\/eu\/udala\/intereseko-gida\/osasuna\/#breadcrumb\",\"itemListElement\":[{\"@type\":\"ListItem\",\"position\":1,\"name\":\"Portada\",\"item\":\"https:\/\/www.ansoain.es\/\"},{\"@type\":\"ListItem\",\"position\":2,\"name\":\"Udala\",\"item\":\"https:\/\/www.ansoain.es\/eu\/udala\/\"},{\"@type\":\"ListItem\",\"position\":3,\"name\":\"Intereseko gida\",\"item\":\"http:\/\/www.ansoain.es\/eu\/udala\/intereseko-gida\/\"},{\"@type\":\"ListItem\",\"position\":4,\"name\":\"OSASUNA\"}]},{\"@type\":\"WebSite\",\"@id\":\"https:\/\/www.ansoain.es\/#website\",\"url\":\"https:\/\/www.ansoain.es\/\",\"name\":\"Antsoaingo Udala \/ Ayuntamiento de Anso\u00e1in\",\"description\":\"Sitio web del Antsoaingo Udala \/ Ayuntamiento de Anso\u00e1in\",\"potentialAction\":[{\"@type\":\"SearchAction\",\"target\":{\"@type\":\"EntryPoint\",\"urlTemplate\":\"https:\/\/www.ansoain.es\/?s={search_term_string}\"},\"query-input\":{\"@type\":\"PropertyValueSpecification\",\"valueRequired\":true,\"valueName\":\"search_term_string\"}}],\"inLanguage\":\"eu-ES\"}]}<\/script>\r\n<!-- \/ Yoast SEO plugin. -->","yoast_head_json":{"title":"OSASUNA - Antsoaingo Udala \/ Ayuntamiento de Anso\u00e1in","robots":{"index":"index","follow":"follow","max-snippet":"max-snippet:-1","max-image-preview":"max-image-preview:large","max-video-preview":"max-video-preview:-1"},"canonical":"http:\/\/www.ansoain.es\/eu\/udala\/intereseko-gida\/osasuna\/","og_locale":"eu_ES","og_type":"article","og_title":"OSASUNA - Antsoaingo Udala \/ Ayuntamiento de Anso\u00e1in","og_description":"LARRIALDIAK: Tel\u00e9fono: 112 BOTIKAK: Listado con direcciones y tel\u00e9fonos OSASUN ETXEA: Oharra:\u00a0Osasun Zentroa itxita egongo da San Saturnino egunean (azaroak 29).\u00a0Iru\u00f1ea inguratzen duten eta landa-larrialdietako zerbitzurik ez duten herrietako zentroek Iru\u00f1eko egutegia aplikatzen dute, Iru\u00f1eko Ospitaleetako Larrialdi Zerbitzu Bereziaren egutegiarekin bat egiteko. Kontsulta ordutegia:\u00a08:30etik\u00a019:00etara Odol ateratzeak:\u00a08:15etik 8:45era Familiako medikuarekin, pediatrarekin, erizainarekin eta gizarte langilearekin egoteko [&hellip;]","og_url":"http:\/\/www.ansoain.es\/eu\/udala\/intereseko-gida\/osasuna\/","og_site_name":"Antsoaingo Udala \/ Ayuntamiento de Anso\u00e1in","article_modified_time":"2024-03-07T10:41:36+00:00","twitter_card":"summary_large_image","twitter_misc":{"Est. reading time":"1 minute"},"schema":{"@context":"https:\/\/schema.org","@graph":[{"@type":"WebPage","@id":"http:\/\/www.ansoain.es\/eu\/udala\/intereseko-gida\/osasuna\/","url":"http:\/\/www.ansoain.es\/eu\/udala\/intereseko-gida\/osasuna\/","name":"OSASUNA - Antsoaingo Udala \/ Ayuntamiento de Anso\u00e1in","isPartOf":{"@id":"https:\/\/www.ansoain.es\/#website"},"datePublished":"2012-12-18T13:39:42+00:00","dateModified":"2024-03-07T10:41:36+00:00","breadcrumb":{"@id":"http:\/\/www.ansoain.es\/eu\/udala\/intereseko-gida\/osasuna\/#breadcrumb"},"inLanguage":"eu-ES","potentialAction":[{"@type":"ReadAction","target":["http:\/\/www.ansoain.es\/eu\/udala\/intereseko-gida\/osasuna\/"]}]},{"@type":"BreadcrumbList","@id":"http:\/\/www.ansoain.es\/eu\/udala\/intereseko-gida\/osasuna\/#breadcrumb","itemListElement":[{"@type":"ListItem","position":1,"name":"Portada","item":"https:\/\/www.ansoain.es\/"},{"@type":"ListItem","position":2,"name":"Udala","item":"https:\/\/www.ansoain.es\/eu\/udala\/"},{"@type":"ListItem","position":3,"name":"Intereseko gida","item":"http:\/\/www.ansoain.es\/eu\/udala\/intereseko-gida\/"},{"@type":"ListItem","position":4,"name":"OSASUNA"}]},{"@type":"WebSite","@id":"https:\/\/www.ansoain.es\/#website","url":"https:\/\/www.ansoain.es\/","name":"Antsoaingo Udala \/ Ayuntamiento de Anso\u00e1in","description":"Sitio web del Antsoaingo Udala \/ Ayuntamiento de Anso\u00e1in","potentialAction":[{"@type":"SearchAction","target":{"@type":"EntryPoint","urlTemplate":"https:\/\/www.ansoain.es\/?s={search_term_string}"},"query-input":{"@type":"PropertyValueSpecification","valueRequired":true,"valueName":"search_term_string"}}],"inLanguage":"eu-ES"}]}},"_links":{"self":[{"href":"http:\/\/www.ansoain.es\/eu\/wp-json\/wp\/v2\/pages\/25175","targetHints":{"allow":["GET"]}}],"collection":[{"href":"http:\/\/www.ansoain.es\/eu\/wp-json\/wp\/v2\/pages"}],"about":[{"href":"http:\/\/www.ansoain.es\/eu\/wp-json\/wp\/v2\/types\/page"}],"author":[{"embeddable":true,"href":"http:\/\/www.ansoain.es\/eu\/wp-json\/wp\/v2\/users\/1"}],"replies":[{"embeddable":true,"href":"http:\/\/www.ansoain.es\/eu\/wp-json\/wp\/v2\/comments?post=25175"}],"version-history":[{"count":2,"href":"http:\/\/www.ansoain.es\/eu\/wp-json\/wp\/v2\/pages\/25175\/revisions"}],"predecessor-version":[{"id":38466,"href":"http:\/\/www.ansoain.es\/eu\/wp-json\/wp\/v2\/pages\/25175\/revisions\/38466"}],"up":[{"embeddable":true,"href":"http:\/\/www.ansoain.es\/eu\/wp-json\/wp\/v2\/pages\/24919"}],"wp:attachment":[{"href":"http:\/\/www.ansoain.es\/eu\/wp-json\/wp\/v2\/media?parent=25175"}],"curies":[{"name":"wp","href":"https:\/\/api.w.org\/{rel}","templated":true}]}}