{"id":25225,"date":"2013-02-28T14:29:05","date_gmt":"2013-02-28T14:29:05","guid":{"rendered":"http:\/\/www.ansoain.es\/948012012-012\/"},"modified":"2013-02-28T14:29:05","modified_gmt":"2013-02-28T13:29:05","slug":"948012012-012","status":"publish","type":"page","link":"http:\/\/www.ansoain.es\/eu\/948012012-012\/","title":{"rendered":"948012012 &#8211; 012"},"content":{"rendered":"<p>Web orri honetan eskainitako informazioaz gain, Antsoaingo Udalak 012 telefono zerbitzua eskaintzen die herritarrei.<a href=\"http:\/\/www.ansoain.es\/wp-content\/uploads\/2014\/09\/logo_012_eus_color.jpg\"><img loading=\"lazy\" decoding=\"async\" class=\"alignright size-thumbnail wp-image-1432\" src=\"http:\/\/www.ansoain.es\/wp-content\/uploads\/2014\/09\/logo_012_eus_color-150x150.jpg\" alt=\"logo_012_eus\" width=\"150\" height=\"150\" \/><\/a><\/p>\n<p><strong style=\"width: 100%\"><a style=\"background: #006699;color: #ffffff;padding: 4px 12px;border: 2px solid #006699;text-align: center\" title=\"012 Kontsultak\" href=\"\/eu\/\/10-2\/012-2\/consultas-012\/\">012 kontsultak<\/a><\/strong><\/p>\n<h3>Zein zerbitzu eskaintzen du 012- 948012012 telefono zerbitzuak?<\/h3>\n<ul>\n<li><strong>KUDEAKETA. <\/strong>Katastro eta errolda ziurtagiriak eska daitezke; bestelako ziurtagiri motak (ondasunak, zergen ordainketa egunean edukitzeari buruzkoak&#8230;); ordainagirien kopiak; inprimakiak; instantziak; ordainketak; ordainketen helbideratzeak.<\/li>\n<li><strong>IZEN-EMATEA ETA HITZORDUAK. <\/strong>Udalak eskaintzen dituen jardueretan eta ikastaroetan izena eman daiteke; sarrerak erosi; distribuzio zerrendetan harpidetu; Udaleko zerbitzu eta teknikariekin hitzordua zehaztu.<\/li>\n<li><strong>INFORMAZIOA. <\/strong>Antsoaingo informazioa eta 012 telefono zerbitzua duten herri guztien udal informazioa eskaintzen dizu: instalazioak, zerbitzuak, kultur eta kirol agenda, tramiteak nola egin, ordenantzak, zergak, ikastaroen eskaintzak, dirulaguntzak, deialdiak, lehiaketa publikoak, interesezko abisuak, etab. Oinarrizko hornidura enpresen izapideak (telefonoa, gasa, elektrizitatea eta ura), Udalari buruzkoa ez den informazioa ere eskaintzen du: Nafar Gobernuaren izapideak, osasun zerbitzu eta zentroak, hezkuntza, garraioa eta aisia, elkarteak, etab.<\/li>\n<li><strong>ABISUAK, KEXAK ETA IRADOKIZUNAK. <\/strong>Zerbitzuei edo Udalaren jarduerei buruzko kexak aurkeztu daitezke, iradokizunak egin edo abisu bat eman (hiri-altzariak, argiztapena\u2026).<\/li>\n<\/ul>\n<h3>Nola jar gaitezke 012 telefono zerbitzuarekin harremanetan?<\/h3>\n<ul>\n<li>Nafarroan, hiru zenbaki markatuz, 0, 1 eta 2 edo 948 012 012 zenbakia markatuz.<\/li>\n<li>Ordutegia: astelehenetik ostiralera 08:00etatik 19:00etara.<\/li>\n<li>012@infolocal.org helbidearen bidez ere jar zaitezke harremanetan.<\/li>\n<\/ul>\n<h3>Proiektuaren helburua herritarren eta Udalaren arteko harremana erraztea da, eskura dauden teknologia eta baliabide telematikoak erabiliz.<\/h3>\n<ul>\n<li>012 telefono bidez.<\/li>\n<li>Telematikoki webgunea erabiliz, posta elektronikoa, informazio kioskoa, teletestu, etab.<\/li>\n<li>Herritarrak hartzeko udal bulegoetan.<\/li>\n<\/ul>\n<p><strong>INFOLOCAL. Ondorengo lerroetan agertzen dira proiektuaren barruan dauden udalak, mankomunitateak eta Nafarroako Gobernuaren unitateak.<\/strong><\/p>\n<h4><strong>Toki entitateak:<\/strong><\/h4>\n<p>Altsasu \/ Alsasua;Anso\u00e1in; Anue; Aoiz Agoitz; Aranguren (Labiano, Zolina, Tajonar, Aranguren, Mutilva Alta y Mutilva Baja); Areso; Bara\u00f1\u00e1in; Bazt\u00e1n (Almandoz, Amaiur-Maya, Aniz, Arizkun, Arraioz, Azpilikueta, Berroeta, Elbete, Elizondo, Erratzu, Gartzain, Irurita, Lekaroz, Oronoz-Mugairi, Ziga); Bera; Beri\u00e1in; Berrioplano (A\u00f1ezcar, Artica, Oteiza de Berrioplano, Berrioplano, Larragueta, Berriosuso, Elcarte, Loza, Aizo\u00e1in, Ballariain); Berriozar; Burlada Burlata; Cadreita; Caparroso; C\u00e1seda; Cendea de Cizur (Undiano, Muru &#8211; Astr\u00e1in, Zariquiegui, Astr\u00e1in, Larraya, Patern\u00e1in, Cizur Menor, Gazolaz);Corella; Esteribar (Agorreta, Ilurdotz, Antxoritz, Leranotz, Iragi, Irota, Eugi, Larrasoa\u00f1a, Inbuluzketa, Saigos, Olloki, Urtasun, Zuri\u00e1in, Urdanitz-Urdanitz, Zabaldika, Zubiri, Saras\u00edbar.); Ezcabarte (Sorauren, Oricain, Cildoz, Eusa, Orrio, Maquirriain (Ezcabarte), Azoz, Arre); Ezcaroz Ezkaroz; Fitero; Fontellas; Goizueta; Guesalaz; Huarte Uharte; Iza (Aguinaga, Gulina, Erice (Iza), Sarasa, Aldaba, Atondo, Sarasate, Iza, Lete, Larumbe, Cia, Ariz, Ochovi y la Urbanizaci\u00f3n Zuasti); Izaga, Manc. (Urroz, Izagaondoa (Ardanaz de Izagaondoa), Lizo\u00e1in, Unciti (Alz\u00f3rriz, Art\u00e1iz, Cembor\u00e1in, Najurieta, Unciti, Zabalceta), Ibargoiti (Ab\u00ednzano, Idocin, Izko, Salinas de Ibargoiti), Monreal); Jaurrieta; Leitza; Ler\u00edn; Lodosa; Los Arcos; Luzaide \/ Valcarlos; Milagro; No\u00e1in (Valle de Elorz) Noain (Elorztzibar)\u00a0 (Im\u00e1rcoain, No\u00e1in, Zabalegui, Torres (Elorz), Y\u00e1rnoz, Guerendi\u00e1in (Elorz), Elorz, Zulueta); Ochagav\u00eda Otsagabia; Olazti \/ Olazagutia; Olite; Oronz Orontze; Salazar, Junta del V. de (s\u00f3lo para los Aytos. De Ezcaroz, Jaurrieta, Ochagav\u00eda y Oronz); Salinas de Oro; Sansol; Tafalla; Ultzama (Alkotz, Arraitz &#8211; Orkin, Auza, Eltso, Eltzaburu, Gorrontz &#8211; Olano, Guerendi\u00e1in de Ultzama, Ilarregui, Iraizotz, Larraintzar, Lizaso, Suarbe, Urritzola &#8211; Galain, Zenotz); Valdizarbe, Manc. (Adi\u00f3s, En\u00e9riz, Legarda, Muruz\u00e1bal, Tirapu, Ucar, Uterga, Obanos); Valle de Eg\u00fc\u00e9s (Olaz, Ibiricu (Eg\u00fc\u00e9s), Alzuza, Ardanaz (Eg\u00fc\u00e9s), Azpa, Badost\u00e1in, Sagaseta, Elcano, Eg\u00fc\u00e9s, El\u00eda, Sarriguren); Valtierra; Viana; Villafranca; Villava; Yerri Deierri; Zizur Mayor Zizur Nagusia<\/p>\n<p><strong>\u00a0<\/strong><\/p>\n<p><strong>Nafarroako Gobernuko entitateak:<\/strong> Nafarroako enplegu zerbitzua (NEZ); D.G. Ingurumena eta ura, NASU VINSA (etxebizitzak eta solairuak, Nafarroa).<\/p>\n","protected":false},"excerpt":{"rendered":"<p>Web orri honetan eskainitako informazioaz gain, Antsoaingo Udalak 012 telefono zerbitzua eskaintzen die herritarrei. 012 kontsultak Zein zerbitzu eskaintzen du 012- 948012012 telefono zerbitzuak? KUDEAKETA. Katastro eta errolda ziurtagiriak eska daitezke; bestelako ziurtagiri motak (ondasunak, zergen ordainketa egunean edukitzeari buruzkoak&#8230;); ordainagirien kopiak; inprimakiak; instantziak; ordainketak; ordainketen helbideratzeak. IZEN-EMATEA ETA HITZORDUAK. Udalak eskaintzen dituen jardueretan eta [&hellip;]<\/p>\n","protected":false},"author":1,"featured_media":0,"parent":0,"menu_order":14,"comment_status":"closed","ping_status":"closed","template":"","meta":{"_exactmetrics_skip_tracking":false,"_exactmetrics_sitenote_active":false,"_exactmetrics_sitenote_note":"","_exactmetrics_sitenote_category":0,"footnotes":""},"class_list":["post-25225","page","type-page","status-publish","hentry"],"yoast_head":"<!-- This site is optimized with the Yoast SEO plugin v24.9 - https:\/\/yoast.com\/wordpress\/plugins\/seo\/ -->\r\n<title>948012012 - 012 - Antsoaingo Udala \/ Ayuntamiento de Anso\u00e1in<\/title>\r\n<meta name=\"robots\" content=\"index, follow, max-snippet:-1, max-image-preview:large, max-video-preview:-1\" \/>\r\n<link rel=\"canonical\" href=\"https:\/\/www.ansoain.es\/eu\/948012012-012\/\" \/>\r\n<meta property=\"og:locale\" content=\"eu_ES\" \/>\r\n<meta property=\"og:type\" content=\"article\" \/>\r\n<meta property=\"og:title\" content=\"948012012 - 012 - Antsoaingo Udala \/ Ayuntamiento de Anso\u00e1in\" \/>\r\n<meta property=\"og:description\" content=\"Web orri honetan eskainitako informazioaz gain, Antsoaingo Udalak 012 telefono zerbitzua eskaintzen die herritarrei. 012 kontsultak Zein zerbitzu eskaintzen du 012- 948012012 telefono zerbitzuak? KUDEAKETA. Katastro eta errolda ziurtagiriak eska daitezke; bestelako ziurtagiri motak (ondasunak, zergen ordainketa egunean edukitzeari buruzkoak&#8230;); ordainagirien kopiak; inprimakiak; instantziak; ordainketak; ordainketen helbideratzeak. IZEN-EMATEA ETA HITZORDUAK. Udalak eskaintzen dituen jardueretan eta [&hellip;]\" \/>\r\n<meta property=\"og:url\" content=\"https:\/\/www.ansoain.es\/eu\/948012012-012\/\" \/>\r\n<meta property=\"og:site_name\" content=\"Antsoaingo Udala \/ Ayuntamiento de Anso\u00e1in\" \/>\r\n<meta property=\"og:image\" content=\"http:\/\/www.ansoain.es\/wp-content\/uploads\/2014\/09\/logo_012_eus_color-150x150.jpg\" \/>\r\n<meta name=\"twitter:card\" content=\"summary_large_image\" \/>\r\n<meta name=\"twitter:label1\" content=\"Est. reading time\" \/>\n\t<meta name=\"twitter:data1\" content=\"3 minutes\" \/>\r\n<script type=\"application\/ld+json\" class=\"yoast-schema-graph\">{\"@context\":\"https:\/\/schema.org\",\"@graph\":[{\"@type\":\"WebPage\",\"@id\":\"https:\/\/www.ansoain.es\/eu\/948012012-012\/\",\"url\":\"https:\/\/www.ansoain.es\/eu\/948012012-012\/\",\"name\":\"948012012 - 012 - Antsoaingo Udala \/ Ayuntamiento de Anso\u00e1in\",\"isPartOf\":{\"@id\":\"https:\/\/www.ansoain.es\/#website\"},\"primaryImageOfPage\":{\"@id\":\"https:\/\/www.ansoain.es\/eu\/948012012-012\/#primaryimage\"},\"image\":{\"@id\":\"https:\/\/www.ansoain.es\/eu\/948012012-012\/#primaryimage\"},\"thumbnailUrl\":\"http:\/\/www.ansoain.es\/wp-content\/uploads\/2014\/09\/logo_012_eus_color-150x150.jpg\",\"datePublished\":\"2013-02-28T14:29:05+00:00\",\"breadcrumb\":{\"@id\":\"https:\/\/www.ansoain.es\/eu\/948012012-012\/#breadcrumb\"},\"inLanguage\":\"eu-ES\",\"potentialAction\":[{\"@type\":\"ReadAction\",\"target\":[\"https:\/\/www.ansoain.es\/eu\/948012012-012\/\"]}]},{\"@type\":\"ImageObject\",\"inLanguage\":\"eu-ES\",\"@id\":\"https:\/\/www.ansoain.es\/eu\/948012012-012\/#primaryimage\",\"url\":\"http:\/\/www.ansoain.es\/wp-content\/uploads\/2014\/09\/logo_012_eus_color-150x150.jpg\",\"contentUrl\":\"http:\/\/www.ansoain.es\/wp-content\/uploads\/2014\/09\/logo_012_eus_color-150x150.jpg\"},{\"@type\":\"BreadcrumbList\",\"@id\":\"https:\/\/www.ansoain.es\/eu\/948012012-012\/#breadcrumb\",\"itemListElement\":[{\"@type\":\"ListItem\",\"position\":1,\"name\":\"Portada\",\"item\":\"https:\/\/www.ansoain.es\/\"},{\"@type\":\"ListItem\",\"position\":2,\"name\":\"948012012 &#8211; 012\"}]},{\"@type\":\"WebSite\",\"@id\":\"https:\/\/www.ansoain.es\/#website\",\"url\":\"https:\/\/www.ansoain.es\/\",\"name\":\"Antsoaingo Udala \/ Ayuntamiento de Anso\u00e1in\",\"description\":\"Sitio web del Antsoaingo Udala \/ Ayuntamiento de Anso\u00e1in\",\"potentialAction\":[{\"@type\":\"SearchAction\",\"target\":{\"@type\":\"EntryPoint\",\"urlTemplate\":\"https:\/\/www.ansoain.es\/?s={search_term_string}\"},\"query-input\":{\"@type\":\"PropertyValueSpecification\",\"valueRequired\":true,\"valueName\":\"search_term_string\"}}],\"inLanguage\":\"eu-ES\"}]}<\/script>\r\n<!-- \/ Yoast SEO plugin. -->","yoast_head_json":{"title":"948012012 - 012 - Antsoaingo Udala \/ Ayuntamiento de Anso\u00e1in","robots":{"index":"index","follow":"follow","max-snippet":"max-snippet:-1","max-image-preview":"max-image-preview:large","max-video-preview":"max-video-preview:-1"},"canonical":"https:\/\/www.ansoain.es\/eu\/948012012-012\/","og_locale":"eu_ES","og_type":"article","og_title":"948012012 - 012 - Antsoaingo Udala \/ Ayuntamiento de Anso\u00e1in","og_description":"Web orri honetan eskainitako informazioaz gain, Antsoaingo Udalak 012 telefono zerbitzua eskaintzen die herritarrei. 012 kontsultak Zein zerbitzu eskaintzen du 012- 948012012 telefono zerbitzuak? KUDEAKETA. Katastro eta errolda ziurtagiriak eska daitezke; bestelako ziurtagiri motak (ondasunak, zergen ordainketa egunean edukitzeari buruzkoak&#8230;); ordainagirien kopiak; inprimakiak; instantziak; ordainketak; ordainketen helbideratzeak. IZEN-EMATEA ETA HITZORDUAK. Udalak eskaintzen dituen jardueretan eta [&hellip;]","og_url":"https:\/\/www.ansoain.es\/eu\/948012012-012\/","og_site_name":"Antsoaingo Udala \/ Ayuntamiento de Anso\u00e1in","og_image":[{"url":"http:\/\/www.ansoain.es\/wp-content\/uploads\/2014\/09\/logo_012_eus_color-150x150.jpg","type":"","width":"","height":""}],"twitter_card":"summary_large_image","twitter_misc":{"Est. reading time":"3 minutes"},"schema":{"@context":"https:\/\/schema.org","@graph":[{"@type":"WebPage","@id":"https:\/\/www.ansoain.es\/eu\/948012012-012\/","url":"https:\/\/www.ansoain.es\/eu\/948012012-012\/","name":"948012012 - 012 - Antsoaingo Udala \/ Ayuntamiento de Anso\u00e1in","isPartOf":{"@id":"https:\/\/www.ansoain.es\/#website"},"primaryImageOfPage":{"@id":"https:\/\/www.ansoain.es\/eu\/948012012-012\/#primaryimage"},"image":{"@id":"https:\/\/www.ansoain.es\/eu\/948012012-012\/#primaryimage"},"thumbnailUrl":"http:\/\/www.ansoain.es\/wp-content\/uploads\/2014\/09\/logo_012_eus_color-150x150.jpg","datePublished":"2013-02-28T14:29:05+00:00","breadcrumb":{"@id":"https:\/\/www.ansoain.es\/eu\/948012012-012\/#breadcrumb"},"inLanguage":"eu-ES","potentialAction":[{"@type":"ReadAction","target":["https:\/\/www.ansoain.es\/eu\/948012012-012\/"]}]},{"@type":"ImageObject","inLanguage":"eu-ES","@id":"https:\/\/www.ansoain.es\/eu\/948012012-012\/#primaryimage","url":"http:\/\/www.ansoain.es\/wp-content\/uploads\/2014\/09\/logo_012_eus_color-150x150.jpg","contentUrl":"http:\/\/www.ansoain.es\/wp-content\/uploads\/2014\/09\/logo_012_eus_color-150x150.jpg"},{"@type":"BreadcrumbList","@id":"https:\/\/www.ansoain.es\/eu\/948012012-012\/#breadcrumb","itemListElement":[{"@type":"ListItem","position":1,"name":"Portada","item":"https:\/\/www.ansoain.es\/"},{"@type":"ListItem","position":2,"name":"948012012 &#8211; 012"}]},{"@type":"WebSite","@id":"https:\/\/www.ansoain.es\/#website","url":"https:\/\/www.ansoain.es\/","name":"Antsoaingo Udala \/ Ayuntamiento de Anso\u00e1in","description":"Sitio web del Antsoaingo Udala \/ Ayuntamiento de Anso\u00e1in","potentialAction":[{"@type":"SearchAction","target":{"@type":"EntryPoint","urlTemplate":"https:\/\/www.ansoain.es\/?s={search_term_string}"},"query-input":{"@type":"PropertyValueSpecification","valueRequired":true,"valueName":"search_term_string"}}],"inLanguage":"eu-ES"}]}},"_links":{"self":[{"href":"http:\/\/www.ansoain.es\/eu\/wp-json\/wp\/v2\/pages\/25225","targetHints":{"allow":["GET"]}}],"collection":[{"href":"http:\/\/www.ansoain.es\/eu\/wp-json\/wp\/v2\/pages"}],"about":[{"href":"http:\/\/www.ansoain.es\/eu\/wp-json\/wp\/v2\/types\/page"}],"author":[{"embeddable":true,"href":"http:\/\/www.ansoain.es\/eu\/wp-json\/wp\/v2\/users\/1"}],"replies":[{"embeddable":true,"href":"http:\/\/www.ansoain.es\/eu\/wp-json\/wp\/v2\/comments?post=25225"}],"version-history":[{"count":0,"href":"http:\/\/www.ansoain.es\/eu\/wp-json\/wp\/v2\/pages\/25225\/revisions"}],"wp:attachment":[{"href":"http:\/\/www.ansoain.es\/eu\/wp-json\/wp\/v2\/media?parent=25225"}],"curies":[{"name":"wp","href":"https:\/\/api.w.org\/{rel}","templated":true}]}}