{"id":38870,"date":"2024-03-20T09:45:46","date_gmt":"2024-03-20T08:45:46","guid":{"rendered":"https:\/\/www.ansoain.es\/?page_id=38870"},"modified":"2024-03-20T09:53:29","modified_gmt":"2024-03-20T08:53:29","slug":"lgtbi","status":"publish","type":"page","link":"http:\/\/www.ansoain.es\/eu\/lgtbi\/","title":{"rendered":"LGTBI"},"content":{"rendered":"<p><strong>LGTBI+<\/strong><\/p>\n<p>El Ayuntamiento Anso\u00e1in trabaja la diversidad sexual y de g\u00e9nero de la siguiente manera: analizando las realidades LGTBI+ del municipio, gestionando y desarrollando las pol\u00edticas municipales sobre la diversidad sexual y de g\u00e9nero y garantizando la igualdad real y efectiva de este colectivo.<\/p>\n<p>&nbsp;<\/p>\n<p>Los\u00a0<strong>objetivos generales y espec\u00edficos<\/strong>\u00a0del \u00e1rea LGTBI+ actualmente son los siguientes:<\/p>\n<ul>\n<li>Desarrollar el \u00e1rea LGTBI+ municipal de Anso\u00e1in para implementar pol\u00edticas p\u00fablicas para la igualdad de las personas LGTBI+.<\/li>\n<li>Promocionar pol\u00edticas p\u00fablicas espec\u00edficas en materia de igualdad y no discriminaci\u00f3n e integrar el principio de igualdad LGTBI+ de manera transversal en las pol\u00edticas sectoriales de \u00e1mbito municipal.<\/li>\n<li>Sensibilizar a la ciudadan\u00eda en materia de derechos LGTBI+ y diversidad sexual y de g\u00e9nero.<\/li>\n<\/ul>\n<p>&nbsp;<\/p>\n<p><strong>NORMATIVA EN EL \u00c1MBITO DE IGUALDAD Y DERECHOS LGTBI+<\/strong><\/p>\n<p><u>Marco legal estatal<\/u><\/p>\n<p><strong>Ley 4\/2023, de 28 de febrero, para la igualdad real y efectiva de las personas trans y para la garant\u00eda de los derechos de las personas LGTBI<\/strong>.<\/p>\n<p><a href=\"https:\/\/www.boe.es\/buscar\/act.php?id=BOE-A-2023-5366\">https:\/\/www.boe.es\/buscar\/act.php?id=BOE-A-2023-5366<\/a><\/p>\n<p>&nbsp;<\/p>\n<p><strong>Ley 15\/2022, de 12 de julio, integral para la igualdad de trato y la no discriminaci\u00f3n<\/strong>.<\/p>\n<p><a href=\"https:\/\/www.boe.es\/buscar\/act.php?id=BOE-A-2022-11589\">https:\/\/www.boe.es\/buscar\/act.php?id=BOE-A-2022-11589<\/a><\/p>\n<p>&nbsp;<\/p>\n<p><u>Marco legal foral de Navarra<\/u><\/p>\n<p><strong>Ley Foral 8\/2017, de 19 de junio, para la igualdad social de las personas LGTBI+<\/strong>.<\/p>\n<p><a href=\"https:\/\/www.boe.es\/buscar\/pdf\/2017\/BOE-A-2017-8527-consolidado.pdf\">https:\/\/www.boe.es\/buscar\/pdf\/2017\/BOE-A-2017-8527-consolidado.pdf<\/a><\/p>\n<p><strong>Plan de Acci\u00f3n 2019-2022 de desarrollo de la Ley Foral 8\/2017<\/strong>.<\/p>\n<p><a href=\"https:\/\/gobiernoabierto.navarra.es\/sites\/default\/files\/plan_de_accion_de_desarrollo_de_la_ley_foral_82017_de_19_de_junio_para_la_igualdad_social_de_las_personas_lgtbi.pdf\">https:\/\/gobiernoabierto.navarra.es\/sites\/default\/files\/plan_de_accion_de_desarrollo_de_la_ley_foral_82017_de_19_de_junio_para_la_igualdad_social_de_las_personas_lgtbi.pdf<\/a><\/p>\n<p>&nbsp;<\/p>\n","protected":false},"excerpt":{"rendered":"<p>LGTBI+ El Ayuntamiento Anso\u00e1in trabaja la diversidad sexual y de g\u00e9nero de la siguiente manera: analizando las realidades LGTBI+ del municipio, gestionando y desarrollando las pol\u00edticas municipales sobre la diversidad sexual y de g\u00e9nero y garantizando la igualdad real y efectiva de este colectivo. &nbsp; Los\u00a0objetivos generales y espec\u00edficos\u00a0del \u00e1rea LGTBI+ actualmente son los siguientes: [&hellip;]<\/p>\n","protected":false},"author":2,"featured_media":0,"parent":0,"menu_order":0,"comment_status":"closed","ping_status":"closed","template":"","meta":{"_exactmetrics_skip_tracking":false,"_exactmetrics_sitenote_active":false,"_exactmetrics_sitenote_note":"","_exactmetrics_sitenote_category":0,"footnotes":""},"class_list":["post-38870","page","type-page","status-publish","hentry"],"yoast_head":"<!-- This site is optimized with the Yoast SEO plugin v24.9 - https:\/\/yoast.com\/wordpress\/plugins\/seo\/ -->\r\n<title>LGTBI - Antsoaingo Udala \/ Ayuntamiento de Anso\u00e1in<\/title>\r\n<meta name=\"robots\" content=\"index, follow, max-snippet:-1, max-image-preview:large, max-video-preview:-1\" \/>\r\n<link rel=\"canonical\" href=\"https:\/\/www.ansoain.es\/eu\/lgtbi\/\" \/>\r\n<meta property=\"og:locale\" content=\"eu_ES\" \/>\r\n<meta property=\"og:type\" content=\"article\" \/>\r\n<meta property=\"og:title\" content=\"LGTBI - Antsoaingo Udala \/ Ayuntamiento de Anso\u00e1in\" \/>\r\n<meta property=\"og:description\" content=\"LGTBI+ El Ayuntamiento Anso\u00e1in trabaja la diversidad sexual y de g\u00e9nero de la siguiente manera: analizando las realidades LGTBI+ del municipio, gestionando y desarrollando las pol\u00edticas municipales sobre la diversidad sexual y de g\u00e9nero y garantizando la igualdad real y efectiva de este colectivo. &nbsp; Los\u00a0objetivos generales y espec\u00edficos\u00a0del \u00e1rea LGTBI+ actualmente son los siguientes: [&hellip;]\" \/>\r\n<meta property=\"og:url\" content=\"https:\/\/www.ansoain.es\/eu\/lgtbi\/\" \/>\r\n<meta property=\"og:site_name\" content=\"Antsoaingo Udala \/ Ayuntamiento de Anso\u00e1in\" \/>\r\n<meta property=\"article:modified_time\" content=\"2024-03-20T08:53:29+00:00\" \/>\r\n<meta name=\"twitter:card\" content=\"summary_large_image\" \/>\r\n<meta name=\"twitter:label1\" content=\"Est. reading time\" \/>\n\t<meta name=\"twitter:data1\" content=\"1 minute\" \/>\r\n<script type=\"application\/ld+json\" class=\"yoast-schema-graph\">{\"@context\":\"https:\/\/schema.org\",\"@graph\":[{\"@type\":\"WebPage\",\"@id\":\"https:\/\/www.ansoain.es\/eu\/lgtbi\/\",\"url\":\"https:\/\/www.ansoain.es\/eu\/lgtbi\/\",\"name\":\"LGTBI - Antsoaingo Udala \/ Ayuntamiento de Anso\u00e1in\",\"isPartOf\":{\"@id\":\"http:\/\/www.ansoain.es\/eu\/#website\"},\"datePublished\":\"2024-03-20T08:45:46+00:00\",\"dateModified\":\"2024-03-20T08:53:29+00:00\",\"breadcrumb\":{\"@id\":\"https:\/\/www.ansoain.es\/eu\/lgtbi\/#breadcrumb\"},\"inLanguage\":\"eu-ES\",\"potentialAction\":[{\"@type\":\"ReadAction\",\"target\":[\"https:\/\/www.ansoain.es\/eu\/lgtbi\/\"]}]},{\"@type\":\"BreadcrumbList\",\"@id\":\"https:\/\/www.ansoain.es\/eu\/lgtbi\/#breadcrumb\",\"itemListElement\":[{\"@type\":\"ListItem\",\"position\":1,\"name\":\"Portada\",\"item\":\"http:\/\/www.ansoain.es\/eu\/\"},{\"@type\":\"ListItem\",\"position\":2,\"name\":\"LGTBI\"}]},{\"@type\":\"WebSite\",\"@id\":\"http:\/\/www.ansoain.es\/eu\/#website\",\"url\":\"http:\/\/www.ansoain.es\/eu\/\",\"name\":\"Antsoaingo Udala \/ Ayuntamiento de Anso\u00e1in\",\"description\":\"Sitio web del Antsoaingo Udala \/ Ayuntamiento de Anso\u00e1in\",\"potentialAction\":[{\"@type\":\"SearchAction\",\"target\":{\"@type\":\"EntryPoint\",\"urlTemplate\":\"http:\/\/www.ansoain.es\/eu\/?s={search_term_string}\"},\"query-input\":{\"@type\":\"PropertyValueSpecification\",\"valueRequired\":true,\"valueName\":\"search_term_string\"}}],\"inLanguage\":\"eu-ES\"}]}<\/script>\r\n<!-- \/ Yoast SEO plugin. -->","yoast_head_json":{"title":"LGTBI - Antsoaingo Udala \/ Ayuntamiento de Anso\u00e1in","robots":{"index":"index","follow":"follow","max-snippet":"max-snippet:-1","max-image-preview":"max-image-preview:large","max-video-preview":"max-video-preview:-1"},"canonical":"https:\/\/www.ansoain.es\/eu\/lgtbi\/","og_locale":"eu_ES","og_type":"article","og_title":"LGTBI - Antsoaingo Udala \/ Ayuntamiento de Anso\u00e1in","og_description":"LGTBI+ El Ayuntamiento Anso\u00e1in trabaja la diversidad sexual y de g\u00e9nero de la siguiente manera: analizando las realidades LGTBI+ del municipio, gestionando y desarrollando las pol\u00edticas municipales sobre la diversidad sexual y de g\u00e9nero y garantizando la igualdad real y efectiva de este colectivo. &nbsp; Los\u00a0objetivos generales y espec\u00edficos\u00a0del \u00e1rea LGTBI+ actualmente son los siguientes: [&hellip;]","og_url":"https:\/\/www.ansoain.es\/eu\/lgtbi\/","og_site_name":"Antsoaingo Udala \/ Ayuntamiento de Anso\u00e1in","article_modified_time":"2024-03-20T08:53:29+00:00","twitter_card":"summary_large_image","twitter_misc":{"Est. reading time":"1 minute"},"schema":{"@context":"https:\/\/schema.org","@graph":[{"@type":"WebPage","@id":"https:\/\/www.ansoain.es\/eu\/lgtbi\/","url":"https:\/\/www.ansoain.es\/eu\/lgtbi\/","name":"LGTBI - Antsoaingo Udala \/ Ayuntamiento de Anso\u00e1in","isPartOf":{"@id":"http:\/\/www.ansoain.es\/eu\/#website"},"datePublished":"2024-03-20T08:45:46+00:00","dateModified":"2024-03-20T08:53:29+00:00","breadcrumb":{"@id":"https:\/\/www.ansoain.es\/eu\/lgtbi\/#breadcrumb"},"inLanguage":"eu-ES","potentialAction":[{"@type":"ReadAction","target":["https:\/\/www.ansoain.es\/eu\/lgtbi\/"]}]},{"@type":"BreadcrumbList","@id":"https:\/\/www.ansoain.es\/eu\/lgtbi\/#breadcrumb","itemListElement":[{"@type":"ListItem","position":1,"name":"Portada","item":"http:\/\/www.ansoain.es\/eu\/"},{"@type":"ListItem","position":2,"name":"LGTBI"}]},{"@type":"WebSite","@id":"http:\/\/www.ansoain.es\/eu\/#website","url":"http:\/\/www.ansoain.es\/eu\/","name":"Antsoaingo Udala \/ Ayuntamiento de Anso\u00e1in","description":"Sitio web del Antsoaingo Udala \/ Ayuntamiento de Anso\u00e1in","potentialAction":[{"@type":"SearchAction","target":{"@type":"EntryPoint","urlTemplate":"http:\/\/www.ansoain.es\/eu\/?s={search_term_string}"},"query-input":{"@type":"PropertyValueSpecification","valueRequired":true,"valueName":"search_term_string"}}],"inLanguage":"eu-ES"}]}},"_links":{"self":[{"href":"http:\/\/www.ansoain.es\/eu\/wp-json\/wp\/v2\/pages\/38870","targetHints":{"allow":["GET"]}}],"collection":[{"href":"http:\/\/www.ansoain.es\/eu\/wp-json\/wp\/v2\/pages"}],"about":[{"href":"http:\/\/www.ansoain.es\/eu\/wp-json\/wp\/v2\/types\/page"}],"author":[{"embeddable":true,"href":"http:\/\/www.ansoain.es\/eu\/wp-json\/wp\/v2\/users\/2"}],"replies":[{"embeddable":true,"href":"http:\/\/www.ansoain.es\/eu\/wp-json\/wp\/v2\/comments?post=38870"}],"version-history":[{"count":1,"href":"http:\/\/www.ansoain.es\/eu\/wp-json\/wp\/v2\/pages\/38870\/revisions"}],"predecessor-version":[{"id":38871,"href":"http:\/\/www.ansoain.es\/eu\/wp-json\/wp\/v2\/pages\/38870\/revisions\/38871"}],"wp:attachment":[{"href":"http:\/\/www.ansoain.es\/eu\/wp-json\/wp\/v2\/media?parent=38870"}],"curies":[{"name":"wp","href":"https:\/\/api.w.org\/{rel}","templated":true}]}}